{"id":8137,"date":"2020-02-17T17:49:29","date_gmt":"2020-02-17T16:49:29","guid":{"rendered":"https:\/\/libolux.com\/carrito-2\/"},"modified":"2024-12-13T09:00:45","modified_gmt":"2024-12-13T08:00:45","slug":"carrito-2","status":"publish","type":"page","link":"https:\/\/libolux.com\/it\/carrito-2\/","title":{"rendered":"Carrito"},"content":{"rendered":"","protected":false},"excerpt":{"rendered":"","protected":false},"author":1,"featured_media":0,"parent":0,"menu_order":0,"comment_status":"closed","ping_status":"closed","template":"","meta":{"footnotes":""},"class_list":["post-8137","page","type-page","status-publish"],"yoast_head":"<!-- This site is optimized with the Yoast SEO plugin v24.8.1 - https:\/\/yoast.com\/wordpress\/plugins\/seo\/ -->\n<title>Carrito - LIBOLUX<\/title>\n<meta name=\"robots\" content=\"index, follow, max-snippet:-1, max-image-preview:large, max-video-preview:-1\" \/>\n<link rel=\"canonical\" href=\"https:\/\/libolux.com\/carrito\/\" \/>\n<meta property=\"og:locale\" content=\"it_IT\" \/>\n<meta property=\"og:type\" content=\"article\" \/>\n<meta property=\"og:title\" content=\"Carrito - LIBOLUX\" \/>\n<meta property=\"og:url\" content=\"https:\/\/libolux.com\/carrito\/\" \/>\n<meta property=\"og:site_name\" content=\"LIBOLUX\" \/>\n<meta property=\"article:modified_time\" content=\"2024-12-13T08:00:45+00:00\" \/>\n<meta name=\"twitter:card\" content=\"summary_large_image\" \/>\n<script type=\"application\/ld+json\" class=\"yoast-schema-graph\">{\"@context\":\"https:\/\/schema.org\",\"@graph\":[{\"@type\":\"WebPage\",\"@id\":\"https:\/\/libolux.com\/carrito\/\",\"url\":\"https:\/\/libolux.com\/carrito\/\",\"name\":\"Carrito - LIBOLUX\",\"isPartOf\":{\"@id\":\"https:\/\/libolux.com\/#website\"},\"datePublished\":\"2020-02-17T16:49:29+00:00\",\"dateModified\":\"2024-12-13T08:00:45+00:00\",\"inLanguage\":\"it-IT\",\"potentialAction\":[{\"@type\":\"ReadAction\",\"target\":[\"https:\/\/libolux.com\/carrito\/\"]}]},{\"@type\":\"WebSite\",\"@id\":\"https:\/\/libolux.com\/#website\",\"url\":\"https:\/\/libolux.com\/\",\"name\":\"LIBOLUX\",\"description\":\"En LIBOLUX ofrecemos productos innovadores de iluminaci\u00f3n LED y kits de sodio para cultivos de interior y exterior. Nuestra tecnolog\u00eda avanzada optimiza el crecimiento de tus plantas, garantizando eficiencia energ\u00e9tica y resultados excepcionales. Mejora tu cultivo con nuestras soluciones de alta calidad.\",\"potentialAction\":[{\"@type\":\"SearchAction\",\"target\":{\"@type\":\"EntryPoint\",\"urlTemplate\":\"https:\/\/libolux.com\/?s={search_term_string}\"},\"query-input\":{\"@type\":\"PropertyValueSpecification\",\"valueRequired\":true,\"valueName\":\"search_term_string\"}}],\"inLanguage\":\"it-IT\"}]}<\/script>\n<!-- \/ Yoast SEO plugin. -->","yoast_head_json":{"title":"Carrito - LIBOLUX","robots":{"index":"index","follow":"follow","max-snippet":"max-snippet:-1","max-image-preview":"max-image-preview:large","max-video-preview":"max-video-preview:-1"},"canonical":"https:\/\/libolux.com\/carrito\/","og_locale":"it_IT","og_type":"article","og_title":"Carrito - LIBOLUX","og_url":"https:\/\/libolux.com\/carrito\/","og_site_name":"LIBOLUX","article_modified_time":"2024-12-13T08:00:45+00:00","twitter_card":"summary_large_image","schema":{"@context":"https:\/\/schema.org","@graph":[{"@type":"WebPage","@id":"https:\/\/libolux.com\/carrito\/","url":"https:\/\/libolux.com\/carrito\/","name":"Carrito - LIBOLUX","isPartOf":{"@id":"https:\/\/libolux.com\/#website"},"datePublished":"2020-02-17T16:49:29+00:00","dateModified":"2024-12-13T08:00:45+00:00","inLanguage":"it-IT","potentialAction":[{"@type":"ReadAction","target":["https:\/\/libolux.com\/carrito\/"]}]},{"@type":"WebSite","@id":"https:\/\/libolux.com\/#website","url":"https:\/\/libolux.com\/","name":"LIBOLUX","description":"En LIBOLUX ofrecemos productos innovadores de iluminaci\u00f3n LED y kits de sodio para cultivos de interior y exterior. Nuestra tecnolog\u00eda avanzada optimiza el crecimiento de tus plantas, garantizando eficiencia energ\u00e9tica y resultados excepcionales. Mejora tu cultivo con nuestras soluciones de alta calidad.","potentialAction":[{"@type":"SearchAction","target":{"@type":"EntryPoint","urlTemplate":"https:\/\/libolux.com\/?s={search_term_string}"},"query-input":{"@type":"PropertyValueSpecification","valueRequired":true,"valueName":"search_term_string"}}],"inLanguage":"it-IT"}]}},"_links":{"self":[{"href":"https:\/\/libolux.com\/it\/wp-json\/wp\/v2\/pages\/8137","targetHints":{"allow":["GET"]}}],"collection":[{"href":"https:\/\/libolux.com\/it\/wp-json\/wp\/v2\/pages"}],"about":[{"href":"https:\/\/libolux.com\/it\/wp-json\/wp\/v2\/types\/page"}],"author":[{"embeddable":true,"href":"https:\/\/libolux.com\/it\/wp-json\/wp\/v2\/users\/1"}],"replies":[{"embeddable":true,"href":"https:\/\/libolux.com\/it\/wp-json\/wp\/v2\/comments?post=8137"}],"version-history":[{"count":0,"href":"https:\/\/libolux.com\/it\/wp-json\/wp\/v2\/pages\/8137\/revisions"}],"wp:attachment":[{"href":"https:\/\/libolux.com\/it\/wp-json\/wp\/v2\/media?parent=8137"}],"curies":[{"name":"wp","href":"https:\/\/api.w.org\/{rel}","templated":true}]}}