{"id":8460,"date":"2024-11-14T11:54:48","date_gmt":"2024-11-14T10:54:48","guid":{"rendered":"https:\/\/libolux.com\/calculatrice\/"},"modified":"2025-02-21T11:47:22","modified_gmt":"2025-02-21T10:47:22","slug":"calculatrice","status":"publish","type":"page","link":"https:\/\/libolux.com\/fr\/calculatrice\/","title":{"rendered":"Calculatrice"},"content":{"rendered":"    <link rel=\"stylesheet\" href=\"https:\/\/cdn.jsdelivr.net\/npm\/bootstrap@5.3.0\/dist\/css\/bootstrap.min.css\">\n    <link rel=\"stylesheet\" href=\"https:\/\/cdnjs.cloudflare.com\/ajax\/libs\/font-awesome\/6.4.0\/css\/all.min.css\">\n    <style>\n        .btn-primary, .btn-success {\n            background-color: #ad8b19 !important;\n            border-color: #ad8b19 !important;\n            transition: all 0.3s ease;\n        }\n        .btn-primary:hover, .btn-success:hover {\n            background-color: #8a6e14 !important;\n            transform: translateY(-2px);\n            box-shadow: 0 4px 8px rgba(173, 139, 25, 0.3);\n        }\n        h3, .text-primary {\n            color: #ad8b19 !important;\n        }\n        .calculator-card {\n            background: linear-gradient(135deg, #f8f9fa 0%, #e9ecef 100%);\n            border-radius: 15px;\n            box-shadow: 0 10px 30px rgba(0,0,0,0.1);\n        }\n        .input-icon {\n            position: relative;\n        }\n        .input-icon i {\n            position: absolute;\n            left: 12px;\n            top: 50%;\n            transform: translateY(-50%);\n            color: #ad8b19;\n            z-index: 5;\n        }\n        .input-icon input, .input-icon select {\n            padding-left: 40px;\n        }\n        .plant-grid {\n            display: inline-block;\n            margin: 10px 0;\n        }\n        .plant-dot {\n            width: 8px;\n            height: 8px;\n            background-color: #28a745;\n            border-radius: 50%;\n            display: inline-block;\n            margin: 2px;\n        }\n        .led-panel-visual {\n            background: linear-gradient(45deg, #ffd700, #ffed4e);\n            border: 2px solid #ad8b19;\n            border-radius: 8px;\n            padding: 10px;\n            margin: 5px;\n            display: inline-block;\n            position: relative;\n            box-shadow: 0 4px 8px rgba(0,0,0,0.1);\n        }\n        .led-panel-visual::before {\n            content: '\ud83d\udca1';\n            font-size: 20px;\n            position: absolute;\n            top: 50%;\n            left: 50%;\n            transform: translate(-50%, -50%);\n        }\n        .energy-bar {\n            height: 20px;\n            background: linear-gradient(90deg, #28a745, #ffc107, #dc3545);\n            border-radius: 10px;\n            position: relative;\n            overflow: hidden;\n        }\n        .energy-indicator {\n            height: 100%;\n            background-color: rgba(255,255,255,0.3);\n            border-radius: 10px;\n            transition: width 0.5s ease;\n        }\n        .result-section {\n            background: white;\n            border-radius: 10px;\n            padding: 20px;\n            margin: 10px 0;\n            box-shadow: 0 4px 6px rgba(0,0,0,0.1);\n        }\n        .visual-space {\n            border: 2px dashed #ad8b19;\n            background: repeating-linear-gradient(\n                45deg,\n                transparent,\n                transparent 10px,\n                rgba(173, 139, 25, 0.1) 10px,\n                rgba(173, 139, 25, 0.1) 20px\n            );\n            padding: 20px;\n            border-radius: 10px;\n            text-align: center;\n            margin: 10px 0;\n        }\n    <\/style>\n    <div id=\"led-calculator\" class=\"container py-4\">\n        <div class=\"card calculator-card shadow-lg p-4\">\n            <h3 class=\"text-primary text-center mb-4\">\n                <i class=\"fas fa-seedling me-2\"><\/i>\n                Calculateur d'\u00e9clairage LED                <i class=\"fas fa-lightbulb ms-2\"><\/i>\n            <\/h3>\n            \n            <div class=\"row\">\n                <div class=\"col-md-6 mb-3\">\n                    <label for=\"num_plantas\" class=\"form-label\">\n                        <i class=\"fas fa-cannabis me-2 text-success\"><\/i>\n                        Nombre de plantes:                    <\/label>\n                    <div class=\"input-icon\">\n                        <i class=\"fas fa-hashtag\"><\/i>\n                        <input type=\"number\" id=\"num_plantas\" class=\"form-control\" min=\"1\" value=\"4\">\n                    <\/div>\n                <\/div>\n                \n                <div class=\"col-md-6 mb-3\">\n                    <label for=\"tamano_maceta\" class=\"form-label\">\n                        <i class=\"fas fa-seedling me-2 text-warning\"><\/i>\n                        Taille du pot:                    <\/label>\n                    <div class=\"input-icon\">\n                        <i class=\"fas fa-archive\"><\/i>\n                        <select id=\"tamano_maceta\" class=\"form-select\">\n                            <option value=\"18\">\ud83e\udeb4 30 x 30 x 30 cm (18 L)<\/option>\n                            <option value=\"11\">\ud83c\udf31 23 x 23 x 27.5 cm (11 L)<\/option>\n                            <option value=\"7\">\ud83c\udf3f 20 x 20 x 27 cm (7 L)<\/option>\n                            <option value=\"3\">\ud83c\udf43 15 x 15 x 20 (3 L)<\/option>\n                        <\/select>\n                    <\/div>\n                <\/div>\n            <\/div>\n            \n            <button class=\"btn btn-primary w-100 btn-lg\" onclick=\"calcularIluminacion()\">\n                <i class=\"fas fa-calculator me-2\"><\/i>\n                Calculer                <i class=\"fas fa-magic ms-2\"><\/i>\n            <\/button>\n            \n            <div id=\"resultado\" class=\"mt-4\"><\/div>\n        <\/div>\n    <\/div>\n    \n    <script>\n        function agregarAlCarrito(productoId, cantidad) {\n            jQuery.ajax({\n                type: 'POST',\n                url: wc_add_to_cart_params.ajax_url,\n                data: {\n                    action: 'woocommerce_ajax_add_to_cart',\n                    product_id: productoId,\n                    quantity: cantidad\n                },\n                success: function(response) {\n                    if (response.success) {\n                        alert('Produit ajout\u00e9 au panier avec succ\u00e8s.');\n                        window.location.href = response.data.cart_url;\n                    } else {\n                        alert('Erreur:' + response.data);\n                    }\n                },\n                error: function() {\n                    alert('Erreur lors de l'ajout du produit au panier.');\n                }\n            });\n        }\n        \n        function calcularIluminacion() {\n            var numPlantas = parseInt(document.getElementById('num_plantas').value);\n            var tamanoMaceta = parseInt(document.getElementById('tamano_maceta').value);\n            \n            \/\/ Distribuci\u00f3n realista para cultivo de cannabis en patrones cuadrados PARES\n            \/\/ Basado en el tama\u00f1o final de la planta seg\u00fan maceta\n            var capacidadPanel = {\n                \/\/ Macetas 18L: plantas muy grandes - patr\u00f3n 1x1 o 2x2\n                18: { \n                    \"630\": 2,  \/\/ 630W (1.5m\u00b2): 2 plantas (2x1) - 0.75m\u00b2 por planta\n                    \"720\": 2   \/\/ 720W (1.2m\u00b2): 2 plantas (2x1) - 0.6m\u00b2 por planta\n                },\n                \/\/ Macetas 11L: plantas grandes - patr\u00f3n 2x2\n                11: { \n                    \"630\": 4,  \/\/ 630W (1.5m\u00b2): 4 plantas (2x2) - 0.375m\u00b2 por planta\n                    \"720\": 4   \/\/ 720W (1.2m\u00b2): 4 plantas (2x2) - 0.3m\u00b2 por planta\n                },\n                \/\/ Macetas 7L: plantas medianas - patr\u00f3n 3x2\n                7: { \n                    \"630\": 6,  \/\/ 630W (1.5m\u00b2): 6 plantas (3x2) - 0.25m\u00b2 por planta\n                    \"720\": 6   \/\/ 720W (1.2m\u00b2): 6 plantas (3x2) - 0.2m\u00b2 por planta\n                },\n                \/\/ Macetas 3L: plantas peque\u00f1as - patr\u00f3n 4x3\n                3: { \n                    \"630\": 12, \/\/ 630W (1.5m\u00b2): 12 plantas (4x3) - 0.125m\u00b2 por planta\n                    \"720\": 12  \/\/ 720W (1.2m\u00b2): 12 plantas (4x3) - 0.1m\u00b2 por planta\n                }\n            };\n            \n            var numPaneles630 = Math.ceil(numPlantas \/ capacidadPanel[tamanoMaceta][\"630\"]);\n            var numPaneles720 = Math.ceil(numPlantas \/ capacidadPanel[tamanoMaceta][\"720\"]);\n            \n            \/\/ Plantas por panel para mostrar en resultados\n            var plantasPorPanel630 = Math.min(numPlantas, capacidadPanel[tamanoMaceta][\"630\"]);\n            var plantasPorPanel720 = Math.min(numPlantas, capacidadPanel[tamanoMaceta][\"720\"]);\n            \n            \/\/ Si hay m\u00e1s de un panel, calcular distribuci\u00f3n\n            if (numPaneles630 > 1) {\n                plantasPorPanel630 = Math.ceil(numPlantas \/ numPaneles630);\n            }\n            if (numPaneles720 > 1) {\n                plantasPorPanel720 = Math.ceil(numPlantas \/ numPaneles720);\n            }\n            \n            \/\/ Espacio real necesario por maceta para cannabis (incluyendo crecimiento)\n            var areaMaceta = {\n                18: 0.75,  \/\/ 85cm x 85cm por planta gigante (maceta 18L)\n                11: 0.375, \/\/ 60cm x 60cm por planta grande (maceta 11L)\n                7: 0.25,   \/\/ 50cm x 50cm por planta mediana (maceta 7L)\n                3: 0.125   \/\/ 35cm x 35cm por planta peque\u00f1a (maceta 3L)\n            };\n            \n            var espacioTotal = numPlantas * areaMaceta[tamanoMaceta];\n            var lado = Math.sqrt(espacioTotal);\n            \n            \/\/ Calcular consumo energ\u00e9tico y costo el\u00e9ctrico\n            var horasPorDia = 18; \/\/ Horas de iluminaci\u00f3n por d\u00eda\n            var diasPorMes = 30; \/\/ D\u00edas por mes\n            var costoKwh = 0.12; \/\/ Costo por kWh en d\u00f3lares\n            \n            var consumo630W = numPaneles630 * 630 * horasPorDia * diasPorMes \/ 1000; \/\/ Consumo en kWh\n            var consumo720W = numPaneles720 * 720 * horasPorDia * diasPorMes \/ 1000; \/\/ Consumo en kWh\n            \n            var costo630W = consumo630W * costoKwh; \/\/ Costo en d\u00f3lares\n            var costo720W = consumo720W * costoKwh; \/\/ Costo en d\u00f3lares\n            \n            document.getElementById('resultado').innerHTML = `\n                <div class=\"alert alert-warning border-0\" role=\"alert\">\n                    <i class=\"fas fa-exclamation-triangle me-2\"><\/i>\n                    <small>${'\u26a0\ufe0f AVERTISSEMENT: Ce calcul est indicatif et peut diff\u00e9rer de la r\u00e9alit\u00e9. Les besoins r\u00e9els peuvent varier selon les conditions de culture sp\u00e9cifiques.'}<\/small>\n                <\/div>\n                \n                <div class=\"result-section\">\n                    <h5 class=\"text-success mb-3\">\n                        <i class=\"fas fa-ruler-combined me-2\"><\/i>\n                        Espace total requis:                    <\/h5>\n                    <div class=\"visual-space\">\n                        <i class=\"fas fa-expand-arrows-alt fa-2x text-primary mb-2\"><\/i>\n                        <h4><strong>${espacioTotal.toFixed(2)} m\u00b2<\/strong><\/h4>\n                        <p class=\"mb-0\">\u2248 ${lado.toFixed(2)}m x ${lado.toFixed(2)}m<\/p>\n                        <div class=\"plant-grid mt-3\">\n                            ${Array(Math.min(numPlantas, 20)).fill().map(() => '<span class=\"plant-dot\" title=\"Planta\"><\/span>').join('')}\n                            ${numPlantas > 20 ? '<span class=\"ms-2\">+' + (numPlantas - 20) + ' m\u00e1s...<\/span>' : ''}\n                        <\/div>\n                    <\/div>\n                <\/div>\n                \n                <div class=\"result-section\">\n                    <h5 class=\"text-warning mb-3\">\n                        <i class=\"fas fa-lightbulb me-2\"><\/i>\n                        Panel Coverage Info\n                    <\/h5>\n                    <div class=\"row text-center\">\n                        <div class=\"col-6\">\n                            <div class=\"led-panel-visual\">\n                                <small>630W<\/small><br>\n                                <strong>1.5m\u00b2<\/strong>\n                            <\/div>\n                        <\/div>\n                        <div class=\"col-6\">\n                            <div class=\"led-panel-visual\">\n                                <small>720W<\/small><br>\n                                <strong>1.20m\u00b2<\/strong>\n                            <\/div>\n                        <\/div>\n                    <\/div>\n                <\/div>\n                \n                <div class=\"result-section\">\n                    <h5 class=\"text-danger mb-3\">\n                        <i class=\"fas fa-shopping-cart me-2\"><\/i>\n                        Panneaux LED disponibles:                    <\/h5>\n                    <div class=\"row\">\n                        <div class=\"col-md-6 mb-3\">\n                            <div class=\"card border-success h-100\">\n                                <div class=\"card-body text-center\">\n                                    <img decoding=\"async\" src=\"https:\/\/libolux.com\/wp-content\/uploads\/2024\/10\/PORTADA-LIBOLUX-PRO-630W-3.3-buena-1.png\" \n                                         alt=\"Libolux 630W 3.3\" \n                                         style=\"width: 100px; height: auto; margin-bottom: 15px;\"\n                                         class=\"img-fluid\">\n                                    <h6>Libolux 630W 3.3 \u00b5mol:<\/h6>\n                                    <h4 class=\"text-success\">${numPaneles630} panel(es)<\/h4>\n                                    <p class=\"small text-muted\">${plantasPorPanel630} plantas por panel<\/p>\n                                    <button class=\"btn btn-success\" onclick=\"agregarAlCarrito(5854, ${numPaneles630})\">\n                                        <i class=\"fas fa-cart-plus me-1\"><\/i>\n                                        Ajouter au panier                                    <\/button>\n                                <\/div>\n                            <\/div>\n                        <\/div>\n                        <div class=\"col-md-6 mb-3\">\n                            <div class=\"card border-warning h-100\">\n                                <div class=\"card-body text-center\">\n                                    <img decoding=\"async\" src=\"https:\/\/libolux.com\/wp-content\/uploads\/2024\/10\/pngLIBOLUX-2.9.png\" \n                                         alt=\"Libolux 720W 2.9\" \n                                         style=\"width: 100px; height: auto; margin-bottom: 15px;\"\n                                         class=\"img-fluid\">\n                                    <h6>Libolux 720W 2.9 \u00b5mol:<\/h6>\n                                    <h4 class=\"text-warning\">${numPaneles720} panel(es)<\/h4>\n                                    <p class=\"small text-muted\">${plantasPorPanel720} plantas por panel<\/p>\n                                    <button class=\"btn btn-success\" onclick=\"agregarAlCarrito(6891, ${numPaneles720})\">\n                                        <i class=\"fas fa-cart-plus me-1\"><\/i>\n                                        Ajouter au panier                                    <\/button>\n                                <\/div>\n                            <\/div>\n                        <\/div>\n                    <\/div>\n                <\/div>\n                \n                <div class=\"result-section\">\n                    <h5 class=\"text-primary mb-3\">\n                        <i class=\"fas fa-bolt me-2\"><\/i>\n                        Consommation \u00e9nerg\u00e9tique mensuelle:                    <\/h5>\n                    <div class=\"row\">\n                        <div class=\"col-md-6 mb-3\">\n                            <div class=\"card border-primary\">\n                                <div class=\"card-body\">\n                                    <h6 class=\"card-title\">630W Panel<\/h6>\n                                    <div class=\"energy-bar mb-2\">\n                                        <div class=\"energy-indicator\" style=\"width: ${Math.min((consumo630W\/1000)*100, 100)}%\"><\/div>\n                                    <\/div>\n                                    <p class=\"mb-1\"><strong>${consumo630W.toFixed(2)} kWh<\/strong><\/p>\n                                    <p class=\"text-success mb-0\">\ud83d\udcb0 $${costo630W.toFixed(2)}<\/p>\n                                <\/div>\n                            <\/div>\n                        <\/div>\n                        <div class=\"col-md-6 mb-3\">\n                            <div class=\"card border-primary\">\n                                <div class=\"card-body\">\n                                    <h6 class=\"card-title\">720W Panel<\/h6>\n                                    <div class=\"energy-bar mb-2\">\n                                        <div class=\"energy-indicator\" style=\"width: ${Math.min((consumo720W\/1000)*100, 100)}%\"><\/div>\n                                    <\/div>\n                                    <p class=\"mb-1\"><strong>${consumo720W.toFixed(2)} kWh<\/strong><\/p>\n                                    <p class=\"text-success mb-0\">\ud83d\udcb0 $${costo720W.toFixed(2)}<\/p>\n                                <\/div>\n                            <\/div>\n                        <\/div>\n                    <\/div>\n                <\/div>\n            `;\n        }\n    <\/script>\n    <p><\/p>","protected":false},"excerpt":{"rendered":".btn-primary, .btn-success { background-color: #ad8b19 !important; border-color: #ad8b19 !important; transition: all 0.3s ease; } .btn-primary:hover, .btn-success:hover { background-color: #8a6e14 !important; transform: translateY(-2px); box-shadow: 0 4px 8px rgba(173, 139, 25, 0.3);...","protected":false},"author":1,"featured_media":0,"parent":0,"menu_order":0,"comment_status":"closed","ping_status":"closed","template":"","meta":{"footnotes":""},"class_list":["post-8460","page","type-page","status-publish"],"yoast_head":"<!-- This site is optimized with the Yoast SEO plugin v24.8.1 - https:\/\/yoast.com\/wordpress\/plugins\/seo\/ -->\n<title>Calculatrice - LIBOLUX<\/title>\n<meta name=\"robots\" content=\"index, follow, max-snippet:-1, max-image-preview:large, max-video-preview:-1\" \/>\n<link rel=\"canonical\" href=\"https:\/\/libolux.com\/calculadora\/\" \/>\n<meta property=\"og:locale\" content=\"fr_FR\" \/>\n<meta property=\"og:type\" content=\"article\" \/>\n<meta property=\"og:title\" content=\"Calculatrice - LIBOLUX\" \/>\n<meta property=\"og:url\" content=\"https:\/\/libolux.com\/calculadora\/\" \/>\n<meta property=\"og:site_name\" content=\"LIBOLUX\" \/>\n<meta property=\"article:modified_time\" content=\"2025-02-21T10:47:22+00:00\" \/>\n<meta name=\"twitter:card\" content=\"summary_large_image\" \/>\n<script type=\"application\/ld+json\" class=\"yoast-schema-graph\">{\"@context\":\"https:\/\/schema.org\",\"@graph\":[{\"@type\":\"WebPage\",\"@id\":\"https:\/\/libolux.com\/calculadora\/\",\"url\":\"https:\/\/libolux.com\/calculadora\/\",\"name\":\"Calculatrice - LIBOLUX\",\"isPartOf\":{\"@id\":\"https:\/\/libolux.com\/#website\"},\"datePublished\":\"2024-11-14T10:54:48+00:00\",\"dateModified\":\"2025-02-21T10:47:22+00:00\",\"inLanguage\":\"fr-FR\",\"potentialAction\":[{\"@type\":\"ReadAction\",\"target\":[\"https:\/\/libolux.com\/calculadora\/\"]}]},{\"@type\":\"WebSite\",\"@id\":\"https:\/\/libolux.com\/#website\",\"url\":\"https:\/\/libolux.com\/\",\"name\":\"LIBOLUX\",\"description\":\"En LIBOLUX ofrecemos productos innovadores de iluminaci\u00f3n LED y kits de sodio para cultivos de interior y exterior. Nuestra tecnolog\u00eda avanzada optimiza el crecimiento de tus plantas, garantizando eficiencia energ\u00e9tica y resultados excepcionales. Mejora tu cultivo con nuestras soluciones de alta calidad.\",\"potentialAction\":[{\"@type\":\"SearchAction\",\"target\":{\"@type\":\"EntryPoint\",\"urlTemplate\":\"https:\/\/libolux.com\/?s={search_term_string}\"},\"query-input\":{\"@type\":\"PropertyValueSpecification\",\"valueRequired\":true,\"valueName\":\"search_term_string\"}}],\"inLanguage\":\"fr-FR\"}]}<\/script>\n<!-- \/ Yoast SEO plugin. -->","yoast_head_json":{"title":"Calculatrice - LIBOLUX","robots":{"index":"index","follow":"follow","max-snippet":"max-snippet:-1","max-image-preview":"max-image-preview:large","max-video-preview":"max-video-preview:-1"},"canonical":"https:\/\/libolux.com\/calculadora\/","og_locale":"fr_FR","og_type":"article","og_title":"Calculatrice - LIBOLUX","og_url":"https:\/\/libolux.com\/calculadora\/","og_site_name":"LIBOLUX","article_modified_time":"2025-02-21T10:47:22+00:00","twitter_card":"summary_large_image","schema":{"@context":"https:\/\/schema.org","@graph":[{"@type":"WebPage","@id":"https:\/\/libolux.com\/calculadora\/","url":"https:\/\/libolux.com\/calculadora\/","name":"Calculatrice - LIBOLUX","isPartOf":{"@id":"https:\/\/libolux.com\/#website"},"datePublished":"2024-11-14T10:54:48+00:00","dateModified":"2025-02-21T10:47:22+00:00","inLanguage":"fr-FR","potentialAction":[{"@type":"ReadAction","target":["https:\/\/libolux.com\/calculadora\/"]}]},{"@type":"WebSite","@id":"https:\/\/libolux.com\/#website","url":"https:\/\/libolux.com\/","name":"LIBOLUX","description":"En LIBOLUX ofrecemos productos innovadores de iluminaci\u00f3n LED y kits de sodio para cultivos de interior y exterior. Nuestra tecnolog\u00eda avanzada optimiza el crecimiento de tus plantas, garantizando eficiencia energ\u00e9tica y resultados excepcionales. Mejora tu cultivo con nuestras soluciones de alta calidad.","potentialAction":[{"@type":"SearchAction","target":{"@type":"EntryPoint","urlTemplate":"https:\/\/libolux.com\/?s={search_term_string}"},"query-input":{"@type":"PropertyValueSpecification","valueRequired":true,"valueName":"search_term_string"}}],"inLanguage":"fr-FR"}]}},"_links":{"self":[{"href":"https:\/\/libolux.com\/fr\/wp-json\/wp\/v2\/pages\/8460","targetHints":{"allow":["GET"]}}],"collection":[{"href":"https:\/\/libolux.com\/fr\/wp-json\/wp\/v2\/pages"}],"about":[{"href":"https:\/\/libolux.com\/fr\/wp-json\/wp\/v2\/types\/page"}],"author":[{"embeddable":true,"href":"https:\/\/libolux.com\/fr\/wp-json\/wp\/v2\/users\/1"}],"replies":[{"embeddable":true,"href":"https:\/\/libolux.com\/fr\/wp-json\/wp\/v2\/comments?post=8460"}],"version-history":[{"count":1,"href":"https:\/\/libolux.com\/fr\/wp-json\/wp\/v2\/pages\/8460\/revisions"}],"predecessor-version":[{"id":8461,"href":"https:\/\/libolux.com\/fr\/wp-json\/wp\/v2\/pages\/8460\/revisions\/8461"}],"wp:attachment":[{"href":"https:\/\/libolux.com\/fr\/wp-json\/wp\/v2\/media?parent=8460"}],"curies":[{"name":"wp","href":"https:\/\/api.w.org\/{rel}","templated":true}]}}