{"id":7956,"date":"2024-10-23T18:40:52","date_gmt":"2024-10-23T16:40:52","guid":{"rendered":"https:\/\/libolux.com\/?page_id=7956"},"modified":"2024-11-14T15:10:36","modified_gmt":"2024-11-14T14:10:36","slug":"expeditions","status":"publish","type":"page","link":"https:\/\/libolux.com\/fr\/expeditions\/","title":{"rendered":"EXP\u00c9DITIONS"},"content":{"rendered":"[vc_row type=\u00a0\u00bbin_container\u00a0\u00bb full_screen_row_position=\u00a0\u00bbmiddle\u00a0\u00bb column_margin=\u00a0\u00bbdefault\u00a0\u00bb scene_position=\u00a0\u00bbcenter\u00a0\u00bb text_color=\u00a0\u00bbdark\u00a0\u00bb text_align=\u00a0\u00bbleft\u00a0\u00bb overlay_strength=\u00a0\u00bb0.3&Prime; shape_divider_position=\u00a0\u00bbbottom\u00a0\u00bb bg_image_animation=\u00a0\u00bbnone\u00a0\u00bb][vc_column column_padding=\u00a0\u00bbno-extra-padding\u00a0\u00bb column_padding_position=\u00a0\u00bball\u00a0\u00bb background_color_opacity=\u00a0\u00bb1&Prime; background_hover_color_opacity=\u00a0\u00bb1&Prime; column_link_target=\u00a0\u00bb_self\u00a0\u00bb column_shadow=\u00a0\u00bbnone\u00a0\u00bb column_border_radius=\u00a0\u00bbnone\u00a0\u00bb width=\u00a0\u00bb1\/1&Prime; tablet_width_inherit=\u00a0\u00bbdefault\u00a0\u00bb tablet_text_alignment=\u00a0\u00bbdefault\u00a0\u00bb phone_text_alignment=\u00a0\u00bbdefault\u00a0\u00bb overlay_strength=\u00a0\u00bb0.3&Prime; column_border_width=\u00a0\u00bbnone\u00a0\u00bb column_border_style=\u00a0\u00bbsolid\u00a0\u00bb bg_image_animation=\u00a0\u00bbnone\u00a0\u00bb][vc_column_text]<strong>EXP\u00c9DITION DE COLIS<\/strong><\/p>\n<p>Les envois sont effectu\u00e9s dans les 24 heures ouvrables suivant la r\u00e9ception du paiement sur le compte bancaire. Le d\u00e9lai de livraison commence \u00e0 partir de l&rsquo;exp\u00e9dition de l&rsquo;envoi et est compt\u00e9 en jours ouvrables, ce qui signifie que les week-ends et les jours f\u00e9ri\u00e9s ne sont pas inclus. Les envois sont effectu\u00e9s vers l&rsquo;Espagne continentale et le reste de l&rsquo;Europe par des entreprises de messagerie SEUR ou GLS. L&rsquo;exp\u00e9dition d&rsquo;une commande pay\u00e9e par le biais du point de vente virtuel sera effectu\u00e9e d\u00e8s que le paiement sera confirm\u00e9 sur le compte bancaire. Cette op\u00e9ration d\u00e9pend de la banque et, bien qu&rsquo;elle soit g\u00e9n\u00e9ralement imm\u00e9diate, elle peut dans certains cas prendre jusqu&rsquo;\u00e0 48 heures pour \u00eatre approuv\u00e9e.<\/p>\n<p>PLAZOS DE ENTREGA<\/p>\n<ul>\n<li><strong>ESPAGNE et PORTUGAL (continent):<\/strong> Le d\u00e9lai de livraison sur le continent est de 24\/48 heures. Actuellement, nous ne livrons pas aux Canaries. Islands, Azores, or Madeira.<\/li>\n<li><strong>\u00ceLES BAL\u00c9ARES:<\/strong> Le d\u00e9lai de livraison est de 48\/72 heures.<\/li>\n<li><strong>RESTE DE L&rsquo;EUROPE CONTINENTALE:<\/strong> Nous exp\u00e9dions dans toute l&rsquo;Union europ\u00e9enne continentale, avec un d\u00e9lai de livraison de 3 \u00e0 4 jours ouvrables selon le pays. Pour la Suisse et le Royaume-Uni, veuillez contacter info@libolux.com.<\/li>\n<li><strong>RESTE DU MONDE:\u00a0Veuillez contacter<\/strong>\u00a0<a rel=\"noopener\">info@libolux.com<\/a>.<\/li>\n<\/ul>\n<p>Les d\u00e9lais de livraison sont \u00e9tablis par les services de messagerie avec lesquels nous travaillons en Espagne, en fonction des accords conclus avec les entreprises locales dans chacun des pays vers lesquels nous exp\u00e9dions. Toutefois, les services de courrier espagnols ne peuvent pas garantir qu&rsquo;\u00e0 l&rsquo;arriv\u00e9e dans le pays de destination, les entreprises de courrier locales sous-traitantes ne retarderont pas la livraison d&rsquo;un jour, bien que cela soit peu fr\u00e9quent.<\/p>\n<p><strong>FRAIS D&rsquo;EXP\u00c9DITION<\/strong><\/p>\n<ul>\n<li><strong>ESPAGNE ET PORTUGAL (continent):<\/strong> \u20ac9 + VAT<\/li>\n<li><strong>\u00ceLES BAL\u00c9ARES:<\/strong> \u20ac12 + VAT<\/li>\n<li><strong>RESTE DE L&rsquo;EUROPE CONTINENTALE:<\/strong> \u20ac30 + VAT<\/li>\n<\/ul>\n<p><strong>EMBALLAGE<\/strong><\/p>\n<p>Les envois sont effectu\u00e9s discr\u00e8tement, dans une bo\u00eete scell\u00e9e et envelopp\u00e9e d&rsquo;un film noir.<\/p>\n<p><strong>LES MODES DE PAIEMENT<\/strong><\/p>\n<p><strong>Virement bancaire:<\/strong> Les commandes doivent \u00eatre pay\u00e9es par virement bancaire. Il est important d&rsquo;inclure le num\u00e9ro de commande fourni \u00e0 la fin de l&rsquo;achat dans la r\u00e9f\u00e9rence du virement. Pour acc\u00e9l\u00e9rer l&rsquo;envoi, le re\u00e7u de paiement peut \u00eatre envoy\u00e9 \u00e0 l&rsquo;adresse suivante <a rel=\"noopener\">info@libolux.com<\/a>.<\/p>\n<p>Pour les virements effectu\u00e9s depuis l&rsquo;ext\u00e9rieur du continent, veuillez noter que le virement doit \u00eatre ordonn\u00e9 en euros. Les frais bancaires et les frais de change sont \u00e0 la charge du client. La commande sera consid\u00e9r\u00e9e comme termin\u00e9e une fois que le virement bancaire aura \u00e9t\u00e9 confirm\u00e9. Veuillez noter que le traitement des virements effectu\u00e9s \u00e0 partir d&rsquo;une autre banque peut prendre un jour ouvrable, ce qui peut retarder l&rsquo;exp\u00e9dition de la commande. Coordonn\u00e9es du compte bancaire :<\/p>\n<p><strong>CAIXABANK<\/strong> IBAN: ES77 2100 4856 6522 0043 6147<br \/>\nSWIFT CODE (BIC): CAIXESBBXXX<\/p>\n<p>Une fois l&rsquo;envoi effectu\u00e9, nous envoyons un courrier \u00e9lectronique contenant le num\u00e9ro de suivi afin que le client puisse suivre en permanence l&rsquo;\u00e9tat de sa commande.<\/p>\n<p><strong>Passerelle de paiement par carte : Syst\u00e8me REDSYS (Caixabank):<\/strong><\/p>\n<p>edsys est une plateforme de paiement virtuelle qui accepte les paiements par carte de cr\u00e9dit et de d\u00e9bit. Elle sert d&rsquo;interm\u00e9diaire entre l&rsquo;acheteur et la banque associ\u00e9e \u00e0 notre boutique en ligne, et re\u00e7oit les paiements rapidement, facilement et en toute s\u00e9curit\u00e9. Il s&rsquo;agit de la passerelle de paiement la plus utilis\u00e9e en Europe et elle inclut la v\u00e9rification 3Dsecure pour pr\u00e9venir l&rsquo;usurpation d&rsquo;identit\u00e9. Cette passerelle peut \u00eatre utilis\u00e9e avec les cartes les plus courantes : Visa, Master, American Express, JCB, Diners ou Unionpay, entre autres.<\/p>\n<p><strong>PRIX<\/strong><\/p>\n<p>Tous les prix indiqu\u00e9s sur le site web incluent la taxe sur la valeur ajout\u00e9e. Si une autre taxe s&rsquo;applique, elle sera indiqu\u00e9e \u00e0 l&rsquo;avance.<\/p>\n<p><strong>OFFRE ET VALIDIT\u00c9<\/strong><\/p>\n<p>Les offres seront indiqu\u00e9es avec le produit et ses caract\u00e9ristiques essentielles, le prix de l&rsquo;offre et la validit\u00e9. Espanie International Group SL se r\u00e9serve le droit sur le site web (<a href=\"http:\/\/www.libolux.com\" target=\"_new\" rel=\"noopener\">www.libolux.com<\/a>) de retirer, de r\u00e9approvisionner ou de modifier les produits offerts sur le site, y compris leur contenu. Les produits propos\u00e9s sur le site sont r\u00e9gis par les conditions g\u00e9n\u00e9rales de vente en vigueur, mais Espanie International Group SL se r\u00e9serve le droit de cesser d&rsquo;offrir l&rsquo;acc\u00e8s \u00e0 ces offres sans pr\u00e9avis.<\/p>\n<p><strong>POLITIQUE DE RETOUR<\/strong><\/p>\n<p><a rel=\"noopener\">Pour toute r\u00e9clamation, veuillez contacter Espanie International Group SL \u00e0 l&rsquo;adresse suivante info@libolux.com<\/a>.<\/p>\n<ul>\n<li><strong>Sans cause<\/strong><\/li>\n<\/ul>\n<p>Un retour peut \u00eatre demand\u00e9 dans les 14 jours ouvrables suivant la r\u00e9ception de la commande par le client, sans indication de motif, pour autant que le produit reste dans son emballage d&rsquo;origine, sans d\u00e9faut ni dommage.<\/p>\n<p>L&rsquo;entreprise remboursera, dans un d\u00e9lai maximum de 15 jours, la valeur des produits moins les frais d&rsquo;exp\u00e9dition et de retour, une fois les articles retourn\u00e9s dans les locaux d&rsquo;Espanie International Group SL.<\/p>\n<p>Si les paiements sont effectu\u00e9s avec une carte qui n&rsquo;a pas \u00e9t\u00e9 identifi\u00e9e par son titulaire, le d\u00e9bit sera imm\u00e9diatement annul\u00e9 et le montant sera rembours\u00e9 dans les plus brefs d\u00e9lais. Toutefois, si l&rsquo;achat a bien \u00e9t\u00e9 effectu\u00e9 par le titulaire de la carte, celui-ci sera responsable envers Espanie International Group SL de tout dommage caus\u00e9 par l&rsquo;annulation.<\/p>\n<ul>\n<li><strong>Pour les divergences de commande<\/strong><\/li>\n<\/ul>\n<p>Si la raison du retour est une divergence entre la commande et la r\u00e9ception des articles (produits erron\u00e9s ou unit\u00e9s manquantes), la r\u00e9clamation doit \u00eatre faite dans les 14 jours suivant la r\u00e9ception du produit et toujours en conservant l&#8217;emballage d&rsquo;origine intact. Espanie International Group SL prendra en charge les frais de retour et\/ou de nouvel envoi.<\/p>\n<ul>\n<li><strong>Marchandises endommag\u00e9es<\/strong><\/li>\n<\/ul>\n<p>Pour les dommages survenus pendant l&rsquo;exp\u00e9dition, Espanie International Group SL couvrira les frais de retour et\/ou de nouvel envoi. Le client doit prendre une photo de l&rsquo;\u00e9tat du colis au moment de la r\u00e9ception. Les r\u00e9clamations pour dommages ne seront pas accept\u00e9es apr\u00e8s 48 heures \u00e0 compter de la r\u00e9ception, car c&rsquo;est le d\u00e9lai dans lequel l&rsquo;entreprise peut r\u00e9clamer des dommages au transporteur. L&rsquo;entreprise r\u00e9soudra le probl\u00e8me le plus rapidement possible, en envoyant le transporteur r\u00e9cup\u00e9rer le colis et en r\u00e9exp\u00e9diant ou en remboursant le montant de la commande une fois que le produit endommag\u00e9 sera arriv\u00e9 dans nos locaux.[\/vc_column_text][\/vc_column][\/vc_row]\n","protected":false},"excerpt":{"rendered":"<p>[vc_row type=\u00a0\u00bbin_container\u00a0\u00bb full_screen_row_position=\u00a0\u00bbmiddle\u00a0\u00bb column_margin=\u00a0\u00bbdefault\u00a0\u00bb scene_position=\u00a0\u00bbcenter\u00a0\u00bb text_color=\u00a0\u00bbdark\u00a0\u00bb text_align=\u00a0\u00bbleft\u00a0\u00bb overlay_strength=\u00a0\u00bb0.3&Prime; shape_divider_position=\u00a0\u00bbbottom\u00a0\u00bb bg_image_animation=\u00a0\u00bbnone\u00a0\u00bb][vc_column column_padding=\u00a0\u00bbno-extra-padding\u00a0\u00bb column_padding_position=\u00a0\u00bball\u00a0\u00bb background_color_opacity=\u00a0\u00bb1&Prime; background_hover_color_opacity=\u00a0\u00bb1&Prime; column_link_target=\u00a0\u00bb_self\u00a0\u00bb column_shadow=\u00a0\u00bbnone\u00a0\u00bb column_border_radius=\u00a0\u00bbnone\u00a0\u00bb width=\u00a0\u00bb1\/1&Prime; tablet_width_inherit=\u00a0\u00bbdefault\u00a0\u00bb tablet_text_alignment=\u00a0\u00bbdefault\u00a0\u00bb phone_text_alignment=\u00a0\u00bbdefault\u00a0\u00bb overlay_strength=\u00a0\u00bb0.3&Prime; column_border_width=\u00a0\u00bbnone\u00a0\u00bb column_border_style=\u00a0\u00bbsolid\u00a0\u00bb bg_image_animation=\u00a0\u00bbnone\u00a0\u00bb][vc_column_text]EXP\u00c9DITION DE COLIS Les envois sont&#8230;<\/p>\n","protected":false},"author":1,"featured_media":0,"parent":0,"menu_order":0,"comment_status":"closed","ping_status":"closed","template":"","meta":{"footnotes":""},"class_list":["post-7956","page","type-page","status-publish"],"yoast_head":"<!-- This site is optimized with the Yoast SEO plugin v24.8.1 - https:\/\/yoast.com\/wordpress\/plugins\/seo\/ -->\n<title>EXP\u00c9DITIONS - LIBOLUX<\/title>\n<meta name=\"robots\" content=\"index, follow, max-snippet:-1, max-image-preview:large, max-video-preview:-1\" \/>\n<link rel=\"canonical\" href=\"https:\/\/libolux.com\/envio\/\" \/>\n<meta property=\"og:locale\" content=\"fr_FR\" \/>\n<meta property=\"og:type\" content=\"article\" \/>\n<meta property=\"og:title\" content=\"EXP\u00c9DITIONS - LIBOLUX\" \/>\n<meta property=\"og:description\" content=\"[vc_row type=\u00a0\u00bbin_container\u00a0\u00bb full_screen_row_position=\u00a0\u00bbmiddle\u00a0\u00bb column_margin=\u00a0\u00bbdefault\u00a0\u00bb scene_position=\u00a0\u00bbcenter\u00a0\u00bb text_color=\u00a0\u00bbdark\u00a0\u00bb text_align=\u00a0\u00bbleft\u00a0\u00bb overlay_strength=\u00a0\u00bb0.3&Prime; shape_divider_position=\u00a0\u00bbbottom\u00a0\u00bb bg_image_animation=\u00a0\u00bbnone\u00a0\u00bb][vc_column column_padding=\u00a0\u00bbno-extra-padding\u00a0\u00bb column_padding_position=\u00a0\u00bball\u00a0\u00bb background_color_opacity=\u00a0\u00bb1&Prime; background_hover_color_opacity=\u00a0\u00bb1&Prime; column_link_target=\u00a0\u00bb_self\u00a0\u00bb column_shadow=\u00a0\u00bbnone\u00a0\u00bb column_border_radius=\u00a0\u00bbnone\u00a0\u00bb width=\u00a0\u00bb1\/1&Prime; tablet_width_inherit=\u00a0\u00bbdefault\u00a0\u00bb tablet_text_alignment=\u00a0\u00bbdefault\u00a0\u00bb phone_text_alignment=\u00a0\u00bbdefault\u00a0\u00bb overlay_strength=\u00a0\u00bb0.3&Prime; column_border_width=\u00a0\u00bbnone\u00a0\u00bb column_border_style=\u00a0\u00bbsolid\u00a0\u00bb bg_image_animation=\u00a0\u00bbnone\u00a0\u00bb][vc_column_text]EXP\u00c9DITION DE COLIS Les envois sont...\" \/>\n<meta property=\"og:url\" content=\"https:\/\/libolux.com\/envio\/\" \/>\n<meta property=\"og:site_name\" content=\"LIBOLUX\" \/>\n<meta property=\"article:modified_time\" content=\"2024-11-14T14:10:36+00:00\" \/>\n<meta name=\"twitter:card\" content=\"summary_large_image\" \/>\n<meta name=\"twitter:label1\" content=\"Dur\u00e9e de lecture estim\u00e9e\" \/>\n\t<meta name=\"twitter:data1\" content=\"5 minutes\" \/>\n<script type=\"application\/ld+json\" class=\"yoast-schema-graph\">{\"@context\":\"https:\/\/schema.org\",\"@graph\":[{\"@type\":\"WebPage\",\"@id\":\"https:\/\/libolux.com\/envio\/\",\"url\":\"https:\/\/libolux.com\/envio\/\",\"name\":\"EXP\u00c9DITIONS - LIBOLUX\",\"isPartOf\":{\"@id\":\"https:\/\/libolux.com\/#website\"},\"datePublished\":\"2024-10-23T16:40:52+00:00\",\"dateModified\":\"2024-11-14T14:10:36+00:00\",\"inLanguage\":\"fr-FR\",\"potentialAction\":[{\"@type\":\"ReadAction\",\"target\":[\"https:\/\/libolux.com\/envio\/\"]}]},{\"@type\":\"WebSite\",\"@id\":\"https:\/\/libolux.com\/#website\",\"url\":\"https:\/\/libolux.com\/\",\"name\":\"LIBOLUX\",\"description\":\"En LIBOLUX ofrecemos productos innovadores de iluminaci\u00f3n LED y kits de sodio para cultivos de interior y exterior. Nuestra tecnolog\u00eda avanzada optimiza el crecimiento de tus plantas, garantizando eficiencia energ\u00e9tica y resultados excepcionales. Mejora tu cultivo con nuestras soluciones de alta calidad.\",\"potentialAction\":[{\"@type\":\"SearchAction\",\"target\":{\"@type\":\"EntryPoint\",\"urlTemplate\":\"https:\/\/libolux.com\/?s={search_term_string}\"},\"query-input\":{\"@type\":\"PropertyValueSpecification\",\"valueRequired\":true,\"valueName\":\"search_term_string\"}}],\"inLanguage\":\"fr-FR\"}]}<\/script>\n<!-- \/ Yoast SEO plugin. -->","yoast_head_json":{"title":"EXP\u00c9DITIONS - LIBOLUX","robots":{"index":"index","follow":"follow","max-snippet":"max-snippet:-1","max-image-preview":"max-image-preview:large","max-video-preview":"max-video-preview:-1"},"canonical":"https:\/\/libolux.com\/envio\/","og_locale":"fr_FR","og_type":"article","og_title":"EXP\u00c9DITIONS - LIBOLUX","og_description":"[vc_row type=\u00a0\u00bbin_container\u00a0\u00bb full_screen_row_position=\u00a0\u00bbmiddle\u00a0\u00bb column_margin=\u00a0\u00bbdefault\u00a0\u00bb scene_position=\u00a0\u00bbcenter\u00a0\u00bb text_color=\u00a0\u00bbdark\u00a0\u00bb text_align=\u00a0\u00bbleft\u00a0\u00bb overlay_strength=\u00a0\u00bb0.3&Prime; shape_divider_position=\u00a0\u00bbbottom\u00a0\u00bb bg_image_animation=\u00a0\u00bbnone\u00a0\u00bb][vc_column column_padding=\u00a0\u00bbno-extra-padding\u00a0\u00bb column_padding_position=\u00a0\u00bball\u00a0\u00bb background_color_opacity=\u00a0\u00bb1&Prime; background_hover_color_opacity=\u00a0\u00bb1&Prime; column_link_target=\u00a0\u00bb_self\u00a0\u00bb column_shadow=\u00a0\u00bbnone\u00a0\u00bb column_border_radius=\u00a0\u00bbnone\u00a0\u00bb width=\u00a0\u00bb1\/1&Prime; tablet_width_inherit=\u00a0\u00bbdefault\u00a0\u00bb tablet_text_alignment=\u00a0\u00bbdefault\u00a0\u00bb phone_text_alignment=\u00a0\u00bbdefault\u00a0\u00bb overlay_strength=\u00a0\u00bb0.3&Prime; column_border_width=\u00a0\u00bbnone\u00a0\u00bb column_border_style=\u00a0\u00bbsolid\u00a0\u00bb bg_image_animation=\u00a0\u00bbnone\u00a0\u00bb][vc_column_text]EXP\u00c9DITION DE COLIS Les envois sont...","og_url":"https:\/\/libolux.com\/envio\/","og_site_name":"LIBOLUX","article_modified_time":"2024-11-14T14:10:36+00:00","twitter_card":"summary_large_image","twitter_misc":{"Dur\u00e9e de lecture estim\u00e9e":"5 minutes"},"schema":{"@context":"https:\/\/schema.org","@graph":[{"@type":"WebPage","@id":"https:\/\/libolux.com\/envio\/","url":"https:\/\/libolux.com\/envio\/","name":"EXP\u00c9DITIONS - LIBOLUX","isPartOf":{"@id":"https:\/\/libolux.com\/#website"},"datePublished":"2024-10-23T16:40:52+00:00","dateModified":"2024-11-14T14:10:36+00:00","inLanguage":"fr-FR","potentialAction":[{"@type":"ReadAction","target":["https:\/\/libolux.com\/envio\/"]}]},{"@type":"WebSite","@id":"https:\/\/libolux.com\/#website","url":"https:\/\/libolux.com\/","name":"LIBOLUX","description":"En LIBOLUX ofrecemos productos innovadores de iluminaci\u00f3n LED y kits de sodio para cultivos de interior y exterior. Nuestra tecnolog\u00eda avanzada optimiza el crecimiento de tus plantas, garantizando eficiencia energ\u00e9tica y resultados excepcionales. Mejora tu cultivo con nuestras soluciones de alta calidad.","potentialAction":[{"@type":"SearchAction","target":{"@type":"EntryPoint","urlTemplate":"https:\/\/libolux.com\/?s={search_term_string}"},"query-input":{"@type":"PropertyValueSpecification","valueRequired":true,"valueName":"search_term_string"}}],"inLanguage":"fr-FR"}]}},"_links":{"self":[{"href":"https:\/\/libolux.com\/fr\/wp-json\/wp\/v2\/pages\/7956","targetHints":{"allow":["GET"]}}],"collection":[{"href":"https:\/\/libolux.com\/fr\/wp-json\/wp\/v2\/pages"}],"about":[{"href":"https:\/\/libolux.com\/fr\/wp-json\/wp\/v2\/types\/page"}],"author":[{"embeddable":true,"href":"https:\/\/libolux.com\/fr\/wp-json\/wp\/v2\/users\/1"}],"replies":[{"embeddable":true,"href":"https:\/\/libolux.com\/fr\/wp-json\/wp\/v2\/comments?post=7956"}],"version-history":[{"count":3,"href":"https:\/\/libolux.com\/fr\/wp-json\/wp\/v2\/pages\/7956\/revisions"}],"predecessor-version":[{"id":7959,"href":"https:\/\/libolux.com\/fr\/wp-json\/wp\/v2\/pages\/7956\/revisions\/7959"}],"wp:attachment":[{"href":"https:\/\/libolux.com\/fr\/wp-json\/wp\/v2\/media?parent=7956"}],"curies":[{"name":"wp","href":"https:\/\/api.w.org\/{rel}","templated":true}]}}