{"id":7948,"date":"2019-11-14T17:30:48","date_gmt":"2019-11-14T16:30:48","guid":{"rendered":"https:\/\/libolux.com\/?page_id=7948"},"modified":"2024-11-14T14:25:51","modified_gmt":"2024-11-14T13:25:51","slug":"politique-de-confidentialite","status":"publish","type":"page","link":"https:\/\/libolux.com\/fr\/politique-de-confidentialite\/","title":{"rendered":"Politique de confidentialit\u00e9"},"content":{"rendered":"<h2 class=\"wp-block-heading\">Qui sommes-nous ?<\/h2><p>L&rsquo;adresse de notre site web est la suivante : http:\/\/libolux.com.<\/p><h2 class=\"wp-block-heading\">Quelles sont les donn\u00e9es personnelles que nous recueillons et pourquoi nous les recueillons ?<\/h2><h3 class=\"wp-block-heading\">Commentaires<\/h3><p>Lorsque les visiteurs laissent des commentaires sur le site, nous collectons les donn\u00e9es affich\u00e9es dans le formulaire de commentaire, ainsi que l&rsquo;adresse IP du visiteur et la cha\u00eene de l&rsquo;agent utilisateur du navigateur pour faciliter la d\u00e9tection des spams.<\/p><p>Une cha\u00eene anonyme cr\u00e9\u00e9e \u00e0 partir de votre adresse \u00e9lectronique (\u00e9galement appel\u00e9e \u00ab\u00a0hash\u00a0\u00bb) peut \u00eatre fournie au service Gravatar pour v\u00e9rifier si vous l&rsquo;utilisez. La politique de confidentialit\u00e9 du service Gravatar est disponible ici : https:\/\/automattic.com\/privacy\/. Apr\u00e8s approbation de votre commentaire, votre photo de profil est visible par le public dans le contexte de votre commentaire.<\/p><h3 class=\"wp-block-heading\">Les m\u00e9dias<\/h3><p>Si vous t\u00e9l\u00e9chargez des images sur le web, vous devez \u00e9viter de t\u00e9l\u00e9charger des images contenant des donn\u00e9es de localisation (GPS EXIF). Les visiteurs du site web peuvent t\u00e9l\u00e9charger et extraire toutes les donn\u00e9es de localisation des images sur le site web.<\/p><h3 class=\"wp-block-heading\">Formulaires de contact<\/h3><h3 class=\"wp-block-heading\">Cookies<\/h3><p>Si vous laissez un commentaire sur notre site, vous pouvez choisir d&rsquo;enregistrer votre nom, votre adresse \u00e9lectronique et votre site web dans des cookies. C&rsquo;est pour votre commodit\u00e9, afin que vous n&rsquo;ayez pas \u00e0 remplir \u00e0 nouveau vos coordonn\u00e9es lorsque vous laissez un autre commentaire. Ces cookies ont une dur\u00e9e de vie d&rsquo;un an.<\/p><p>Si vous avez un compte et que vous vous connectez \u00e0 ce site, nous installerons un cookie temporaire pour d\u00e9terminer si votre navigateur accepte les cookies. Ce cookie ne contient aucune donn\u00e9e personnelle et est supprim\u00e9 lorsque vous fermez votre navigateur.<\/p><p>Lorsque vous vous connectez, nous installons \u00e9galement un certain nombre de cookies pour stocker vos informations de connexion et les options d&rsquo;affichage de l&rsquo;\u00e9cran. Les cookies de connexion ont une dur\u00e9e de vie de deux jours et les cookies d&rsquo;options d&rsquo;affichage ont une dur\u00e9e de vie d&rsquo;un an. Si vous s\u00e9lectionnez \u00ab\u00a0Se souvenir de moi\u00a0\u00bb, votre connexion durera deux semaines. Si vous vous d\u00e9connectez de votre compte, vos cookies de connexion seront supprim\u00e9s.<\/p><p>Si vous modifiez ou publiez un article, un cookie suppl\u00e9mentaire sera enregistr\u00e9 dans votre navigateur. Ce cookie ne contient aucune donn\u00e9e personnelle et indique simplement l&rsquo;identifiant de l&rsquo;article que vous venez de modifier. Il expire au bout d&rsquo;un jour.<\/p><h3 class=\"wp-block-heading\">Contenu int\u00e9gr\u00e9 d&rsquo;autres sites web<\/h3><p>Les articles de ce site peuvent contenir du contenu int\u00e9gr\u00e9 (par exemple des vid\u00e9os, des images, des articles, etc.). Le contenu int\u00e9gr\u00e9 provenant d&rsquo;autres sites web se comporte exactement de la m\u00eame mani\u00e8re que si le visiteur avait visit\u00e9 l&rsquo;autre site web.<\/p><p>Ces sites web peuvent collecter des donn\u00e9es vous concernant, utiliser des cookies, int\u00e9grer un suivi suppl\u00e9mentaire de la part de tiers et contr\u00f4ler votre interaction avec ce contenu int\u00e9gr\u00e9, y compris votre interaction avec le contenu int\u00e9gr\u00e9 si vous avez un compte et \u00eates connect\u00e9 \u00e0 ce site web.<\/p><h3 class=\"wp-block-heading\">Analyse<\/h3><p>Les donn\u00e9es collect\u00e9es sur ce site ont pour seul but d&rsquo;\u00e9tablir des statistiques telles que l&rsquo;origine de nos visiteurs, les heures de plus grande affluence, la langue d&rsquo;origine, etc\u2026 Toutes ces statistiques sont r\u00e9alis\u00e9es de mani\u00e8re anonyme et sans associer les donn\u00e9es aux visiteurs.<\/p><h2 class=\"wp-block-heading\">Avec qui nous partageons vos donn\u00e9es<\/h2><p>Libolux Light s&rsquo;engage \u00e0 ne pas partager ou commercialiser les donn\u00e9es personnelles de ses utilisateurs et visiteurs. Les seules entreprises autoris\u00e9es \u00e0 acc\u00e9der aux donn\u00e9es collect\u00e9es seront Libolux Light elle-m\u00eame et Iukannet Serveis en tant que notre fournisseur d&rsquo;h\u00e9bergement et dans le seul but de les stocker ou de les sauvegarder.<\/p><h2 class=\"wp-block-heading\">Dur\u00e9e de conservation des donn\u00e9es<\/h2><p>Si vous laissez un commentaire, celui-ci et ses m\u00e9tadonn\u00e9es sont conserv\u00e9s ind\u00e9finiment. Cela nous permet de reconna\u00eetre et d&rsquo;approuver automatiquement les commentaires successifs plut\u00f4t que de les conserver dans une file d&rsquo;attente de mod\u00e9ration.<\/p><p>Pour les utilisateurs qui s&rsquo;inscrivent sur notre site web (le cas \u00e9ch\u00e9ant), nous stockons \u00e9galement les informations personnelles qu&rsquo;ils fournissent dans leur profil d&rsquo;utilisateur. Tous les utilisateurs peuvent consulter, modifier ou supprimer leurs informations personnelles \u00e0 tout moment (sauf qu&rsquo;ils ne peuvent pas changer leur nom d&rsquo;utilisateur). Les administrateurs du site peuvent \u00e9galement consulter et modifier ces informations.<\/p><h2 class=\"wp-block-heading\">Quels sont les droits dont vous disposez sur vos donn\u00e9es ?<\/h2><p>Si vous avez un compte ou si vous avez laiss\u00e9 des commentaires sur ce site web, vous pouvez demander \u00e0 recevoir un fichier d&rsquo;exportation des donn\u00e9es personnelles que nous d\u00e9tenons \u00e0 votre sujet, y compris toutes les donn\u00e9es que vous nous avez fournies. Vous pouvez \u00e9galement nous demander de supprimer toutes les donn\u00e9es personnelles que nous d\u00e9tenons \u00e0 votre sujet. Cela n&rsquo;inclut pas les donn\u00e9es que nous sommes tenus de conserver \u00e0 des fins administratives, juridiques ou de s\u00e9curit\u00e9.<\/p><h2 class=\"wp-block-heading\">O\u00f9 nous envoyons vos donn\u00e9es<\/h2><p>Les commentaires des visiteurs peuvent \u00eatre v\u00e9rifi\u00e9s par un service de d\u00e9tection automatique des spams, Akismet. Son seul objectif est de d\u00e9tecter les spams, les liens publicitaires et autres messages sans int\u00e9r\u00eat.<\/p><h2 class=\"wp-block-heading\">Vos coordonn\u00e9es<\/h2><p>Pour toute r\u00e9clamation, modification ou suppression de vos donn\u00e9es personnelles, veuillez adresser une demande formelle par courrier \u00e9lectronique \u00e0 info@libolux.com.<\/p><h3 class=\"wp-block-heading\">Comment nous prot\u00e9geons vos donn\u00e9es<\/h3><p>Notre serveur et notre plateforme web sont \u00e0 jour et utilisent les derni\u00e8res mesures de s\u00e9curit\u00e9 disponibles. Le transfert de donn\u00e9es est \u00e9galement garanti gr\u00e2ce au syst\u00e8me SSL utilis\u00e9 par libolux.com.<\/p><h3 class=\"wp-block-heading\">Quelles sont les proc\u00e9dures utilis\u00e9es pour lutter contre les violations de donn\u00e9es ?<\/h3><p>Bien que nous utilisions les mesures de s\u00e9curit\u00e9 les plus r\u00e9centes et les meilleures, nous ne pouvons jamais garantir \u00e0 100 % la s\u00e9curit\u00e9 et l&rsquo;int\u00e9grit\u00e9 des informations stock\u00e9es. En cas de violation ou d&rsquo;attaque r\u00e9ussie, nous informerons nos utilisateurs dans les 48 heures suivant la d\u00e9couverte de l&rsquo;attaque.<\/p>","protected":false},"excerpt":{"rendered":"<p>Qui sommes-nous ? L&rsquo;adresse de notre site web est la suivante : http:\/\/libolux.com. Quelles sont les donn\u00e9es personnelles que nous recueillons et pourquoi nous les recueillons ? Commentaires Lorsque les&#8230;<\/p>\n","protected":false},"author":1,"featured_media":0,"parent":0,"menu_order":0,"comment_status":"closed","ping_status":"open","template":"","meta":{"footnotes":""},"class_list":["post-7948","page","type-page","status-publish"],"yoast_head":"<!-- This site is optimized with the Yoast SEO plugin v24.8.1 - https:\/\/yoast.com\/wordpress\/plugins\/seo\/ -->\n<title>Politique de confidentialit\u00e9 - LIBOLUX<\/title>\n<meta name=\"robots\" content=\"index, follow, max-snippet:-1, max-image-preview:large, max-video-preview:-1\" \/>\n<link rel=\"canonical\" href=\"https:\/\/libolux.com\/politica-privacidad\/\" \/>\n<meta property=\"og:locale\" content=\"fr_FR\" \/>\n<meta property=\"og:type\" content=\"article\" \/>\n<meta property=\"og:title\" content=\"Politique de confidentialit\u00e9 - LIBOLUX\" \/>\n<meta property=\"og:description\" content=\"Qui sommes-nous ? L&rsquo;adresse de notre site web est la suivante : http:\/\/libolux.com. Quelles sont les donn\u00e9es personnelles que nous recueillons et pourquoi nous les recueillons ? Commentaires Lorsque les...\" \/>\n<meta property=\"og:url\" content=\"https:\/\/libolux.com\/politica-privacidad\/\" \/>\n<meta property=\"og:site_name\" content=\"LIBOLUX\" \/>\n<meta property=\"article:modified_time\" content=\"2024-11-14T13:25:51+00:00\" \/>\n<meta name=\"twitter:card\" content=\"summary_large_image\" \/>\n<meta name=\"twitter:label1\" content=\"Dur\u00e9e de lecture estim\u00e9e\" \/>\n\t<meta name=\"twitter:data1\" content=\"5 minutes\" \/>\n<script type=\"application\/ld+json\" class=\"yoast-schema-graph\">{\"@context\":\"https:\/\/schema.org\",\"@graph\":[{\"@type\":\"WebPage\",\"@id\":\"https:\/\/libolux.com\/politica-privacidad\/\",\"url\":\"https:\/\/libolux.com\/politica-privacidad\/\",\"name\":\"Politique de confidentialit\u00e9 - LIBOLUX\",\"isPartOf\":{\"@id\":\"https:\/\/libolux.com\/#website\"},\"datePublished\":\"2019-11-14T16:30:48+00:00\",\"dateModified\":\"2024-11-14T13:25:51+00:00\",\"inLanguage\":\"fr-FR\",\"potentialAction\":[{\"@type\":\"ReadAction\",\"target\":[\"https:\/\/libolux.com\/politica-privacidad\/\"]}]},{\"@type\":\"WebSite\",\"@id\":\"https:\/\/libolux.com\/#website\",\"url\":\"https:\/\/libolux.com\/\",\"name\":\"LIBOLUX\",\"description\":\"En LIBOLUX ofrecemos productos innovadores de iluminaci\u00f3n LED y kits de sodio para cultivos de interior y exterior. Nuestra tecnolog\u00eda avanzada optimiza el crecimiento de tus plantas, garantizando eficiencia energ\u00e9tica y resultados excepcionales. Mejora tu cultivo con nuestras soluciones de alta calidad.\",\"potentialAction\":[{\"@type\":\"SearchAction\",\"target\":{\"@type\":\"EntryPoint\",\"urlTemplate\":\"https:\/\/libolux.com\/?s={search_term_string}\"},\"query-input\":{\"@type\":\"PropertyValueSpecification\",\"valueRequired\":true,\"valueName\":\"search_term_string\"}}],\"inLanguage\":\"fr-FR\"}]}<\/script>\n<!-- \/ Yoast SEO plugin. -->","yoast_head_json":{"title":"Politique de confidentialit\u00e9 - LIBOLUX","robots":{"index":"index","follow":"follow","max-snippet":"max-snippet:-1","max-image-preview":"max-image-preview:large","max-video-preview":"max-video-preview:-1"},"canonical":"https:\/\/libolux.com\/politica-privacidad\/","og_locale":"fr_FR","og_type":"article","og_title":"Politique de confidentialit\u00e9 - LIBOLUX","og_description":"Qui sommes-nous ? L&rsquo;adresse de notre site web est la suivante : http:\/\/libolux.com. Quelles sont les donn\u00e9es personnelles que nous recueillons et pourquoi nous les recueillons ? Commentaires Lorsque les...","og_url":"https:\/\/libolux.com\/politica-privacidad\/","og_site_name":"LIBOLUX","article_modified_time":"2024-11-14T13:25:51+00:00","twitter_card":"summary_large_image","twitter_misc":{"Dur\u00e9e de lecture estim\u00e9e":"5 minutes"},"schema":{"@context":"https:\/\/schema.org","@graph":[{"@type":"WebPage","@id":"https:\/\/libolux.com\/politica-privacidad\/","url":"https:\/\/libolux.com\/politica-privacidad\/","name":"Politique de confidentialit\u00e9 - LIBOLUX","isPartOf":{"@id":"https:\/\/libolux.com\/#website"},"datePublished":"2019-11-14T16:30:48+00:00","dateModified":"2024-11-14T13:25:51+00:00","inLanguage":"fr-FR","potentialAction":[{"@type":"ReadAction","target":["https:\/\/libolux.com\/politica-privacidad\/"]}]},{"@type":"WebSite","@id":"https:\/\/libolux.com\/#website","url":"https:\/\/libolux.com\/","name":"LIBOLUX","description":"En LIBOLUX ofrecemos productos innovadores de iluminaci\u00f3n LED y kits de sodio para cultivos de interior y exterior. Nuestra tecnolog\u00eda avanzada optimiza el crecimiento de tus plantas, garantizando eficiencia energ\u00e9tica y resultados excepcionales. Mejora tu cultivo con nuestras soluciones de alta calidad.","potentialAction":[{"@type":"SearchAction","target":{"@type":"EntryPoint","urlTemplate":"https:\/\/libolux.com\/?s={search_term_string}"},"query-input":{"@type":"PropertyValueSpecification","valueRequired":true,"valueName":"search_term_string"}}],"inLanguage":"fr-FR"}]}},"_links":{"self":[{"href":"https:\/\/libolux.com\/fr\/wp-json\/wp\/v2\/pages\/7948","targetHints":{"allow":["GET"]}}],"collection":[{"href":"https:\/\/libolux.com\/fr\/wp-json\/wp\/v2\/pages"}],"about":[{"href":"https:\/\/libolux.com\/fr\/wp-json\/wp\/v2\/types\/page"}],"author":[{"embeddable":true,"href":"https:\/\/libolux.com\/fr\/wp-json\/wp\/v2\/users\/1"}],"replies":[{"embeddable":true,"href":"https:\/\/libolux.com\/fr\/wp-json\/wp\/v2\/comments?post=7948"}],"version-history":[{"count":1,"href":"https:\/\/libolux.com\/fr\/wp-json\/wp\/v2\/pages\/7948\/revisions"}],"predecessor-version":[{"id":7949,"href":"https:\/\/libolux.com\/fr\/wp-json\/wp\/v2\/pages\/7948\/revisions\/7949"}],"wp:attachment":[{"href":"https:\/\/libolux.com\/fr\/wp-json\/wp\/v2\/media?parent=7948"}],"curies":[{"name":"wp","href":"https:\/\/api.w.org\/{rel}","templated":true}]}}