{"id":7960,"date":"2024-10-23T18:40:52","date_gmt":"2024-10-23T16:40:52","guid":{"rendered":"https:\/\/libolux.com\/?page_id=7960"},"modified":"2024-11-14T15:19:16","modified_gmt":"2024-11-14T14:19:16","slug":"lieferung","status":"publish","type":"page","link":"https:\/\/libolux.com\/de\/lieferung\/","title":{"rendered":"Lieferung"},"content":{"rendered":"[vc_row type=&#8220;in_container&#8220; full_screen_row_position=&#8220;middle&#8220; column_margin=&#8220;default&#8220; scene_position=&#8220;center&#8220; text_color=&#8220;dark&#8220; text_align=&#8220;left&#8220; overlay_strength=&#8220;0.3&#8243; shape_divider_position=&#8220;bottom&#8220; bg_image_animation=&#8220;none&#8220;][vc_column column_padding=&#8220;no-extra-padding&#8220; column_padding_position=&#8220;all&#8220; background_color_opacity=&#8220;1&#8243; background_hover_color_opacity=&#8220;1&#8243; column_link_target=&#8220;_self&#8220; column_shadow=&#8220;none&#8220; column_border_radius=&#8220;none&#8220; width=&#8220;1\/1&#8243; tablet_width_inherit=&#8220;default&#8220; tablet_text_alignment=&#8220;default&#8220; phone_text_alignment=&#8220;default&#8220; overlay_strength=&#8220;0.3&#8243; column_border_width=&#8220;none&#8220; column_border_style=&#8220;solid&#8220; bg_image_animation=&#8220;none&#8220;][vc_column_text]<strong>VERSAND VON PAKETEN<\/strong><\/p>\n<p>Die Auslieferung erfolgt innerhalb von 24 Arbeitsstunden nach Zahlungseingang auf dem Bankkonto. Die Lieferzeit beginnt mit dem Versand der Sendung und wird in Werktagen gerechnet, d.h. Wochenenden und Feiertage werden nicht mitgerechnet. Die Lieferungen erfolgen sowohl auf das spanische Festland als auch in das \u00fcbrige Europa durch die Kurierdienste SEUR oder GLS. Der Versand einer Bestellung, die \u00fcber die virtuelle Kasse bezahlt wurde, erfolgt, sobald die Zahlung auf dem Bankkonto best\u00e4tigt ist. Dieser Vorgang h\u00e4ngt von der Bank ab, und obwohl er normalerweise sofort erfolgt, kann es in einigen F\u00e4llen bis zu 48 Stunden dauern, bis er genehmigt wird.<\/p>\n<p><strong>LIEFERZEITEN<\/strong><\/p>\n<ul>\n<li><strong>SPANIEN und PORTUGAL (Festland):<\/strong> Die Lieferfrist auf der Halbinsel betr\u00e4gt 24\/48 Stunden. Derzeit liefern wir nicht auf die Kanarischen Inseln, Azoren oder Madeira.<\/li>\n<li><strong>BALEARISCHE INSELN:<\/strong> Die Lieferfrist betr\u00e4gt 48\/72 Stunden.<\/li>\n<li><strong>RESTLICHES KONTINENTALEUROPA:<\/strong> Wir liefern in der gesamten Europ\u00e4ischen Union mit einer Lieferzeit von 3 bis 4 Werktagen, je nach Land. F\u00fcr die Schweiz und das Vereinigte K\u00f6nigreich, kontaktieren Sie bitte <a rel=\"noopener\">info@libolux.com<\/a>.<\/li>\n<li><strong>REST DER WELT:<\/strong> Bitte kontaktieren Sie <a rel=\"noopener\">info@libolux.com<\/a>.<\/li>\n<\/ul>\n<p>Die Lieferzeiten werden von den Kurierdiensten, mit denen wir in Spanien zusammenarbeiten, in \u00dcbereinstimmung mit den Vereinbarungen mit den lokalen Unternehmen in jedem der L\u00e4nder, in die wir versenden, festgelegt. Die Kurierdienste in Spanien k\u00f6nnen jedoch nicht garantieren, dass sich die Zustellung bei der Ankunft im Bestimmungsland nicht um einen Tag verz\u00f6gert, obwohl dies nicht \u00fcblich ist.<\/p>\n<p><strong>VERSANDKOSTEN<\/strong><\/p>\n<ul>\n<li><strong>SPANIEN UND PORTUGAL (Festland):<\/strong> 9 \u20ac + IVA<\/li>\n<li><strong>BALEARISCHE INSELN:<\/strong> 12 \u20ac + IVA<\/li>\n<li><strong>RESTLICHES KONTINENTALEUROPA:<\/strong> 30 \u20ac + IVA<\/li>\n<\/ul>\n<p><strong>VERPACKUNG <\/strong>Die Lieferung erfolgt diskret in einer versiegelten Schachtel, die mit schwarzer Folie umwickelt ist.<\/p>\n<p><strong>ZAHLUNGSMODALIT\u00c4TEN<\/strong><\/p>\n<p><strong>Bank\u00fcberweisung:<\/strong> Die Bestellungen m\u00fcssen per Bank\u00fcberweisung bezahlt werden. Es ist wichtig, dass die Bestellnummer, die am Ende des Kaufs angegeben wird, in der \u00dcberweisungsreferenz enthalten ist. Um die Lieferung zu beschleunigen, kann der Zahlungsnachweis an die folgende Adresse geschickt werdena <a rel=\"noopener\">info@libolux.com<\/a>.<\/p>\n<p>F\u00fcr \u00dcberweisungen von au\u00dferhalb der Halbinsel beachten Sie bitte, dass die \u00dcberweisung in Euro erfolgen muss. Bankgeb\u00fchren und Wechselkursgeb\u00fchren gehen zu Lasten des Kunden. Die Bestellung gilt als abgeschlossen, sobald die Bank\u00fcberweisung best\u00e4tigt wurde. Bitte beachten Sie, dass \u00dcberweisungen, die von einer anderen Bank aus get\u00e4tigt werden, einen Arbeitstag f\u00fcr die Bearbeitung ben\u00f6tigen k\u00f6nnen, wodurch sich der Versand der Bestellung verz\u00f6gern kann. Angaben zum Bankkonto:<\/p>\n<p>&nbsp;<\/p>\n<p><strong>CAIXABANK<\/strong> IBAN: ES77 2100 4856 6522 0043 6147<br \/>\nC\u00d3DIGO SWIFT (BIC): CAIXESBBXXX<\/p>\n<p>Nach dem Versand senden wir eine E-Mail mit der Sendungsverfolgungsnummer, so dass der Kunde den Status seiner Bestellung st\u00e4ndig verfolgen kann.<\/p>\n<p><strong>Gateway f\u00fcr Kartenzahlungen: REDSYS System (Caixabank):<\/strong><\/p>\n<p>Redsys ist eine virtuelle Zahlungsplattform, die Zahlungen mit Kredit- und Debitkarten annimmt. Sie fungiert als Vermittler zwischen dem K\u00e4ufer und der Partnerbank unseres Online-Shops und nimmt Zahlungen schnell, einfach und sicher entgegen. Redsys ist das meistgenutzte Zahlungs-Gateway in Europa und verf\u00fcgt \u00fcber eine 3Dsecure-Verifizierung, um Identit\u00e4tsdiebstahl zu verhindern. Dieses Gateway kann mit den g\u00e4ngigsten Karten verwendet werden: Visa, Master, American Express, JCB, Diners oder Unionpay, unter anderem.<\/p>\n<p><strong>PREISE<\/strong><\/p>\n<p>Alle auf der Website angegebenen Preise enthalten die Mehrwertsteuer. Wenn eine andere Steuer anwendbar ist, wird dies im Voraus angegeben.<\/p>\n<p><strong>ANGEBOT UND G\u00dcLTIGKEIT<\/strong><\/p>\n<p>Die Angebote werden neben dem Produkt und seinen wesentlichen Eigenschaften, dem Preis des Angebots und der G\u00fcltigkeit angegeben. Espanie International Group SL, beh\u00e4lt sich das Recht vor, auf der Website (www.libolux.com) die \u00fcber die Website angebotenen Produkte zur\u00fcckzuziehen, zu ersetzen oder inhaltlich zu \u00e4ndern. Die auf der Website angebotenen Produkte unterliegen den geltenden Allgemeinen Vertragsbedingungen, jedoch beh\u00e4lt sich Espanie International Group SL das Recht vor, den Zugang zu den genannten Angeboten ohne Vorank\u00fcndigung zu beenden.<\/p>\n<p class=\"western\"><strong>RETURN<\/strong><\/p>\n<p>Sollten Sie Beschwerden haben, wenden Sie sich bitte an Espanie International Group SL unter der folgenden Adresse <span style=\"color: #467886;\"><u><a href=\"mailto:info@libolux.com\">info@libolux.com<\/a><\/u><\/span>.<\/p>\n<ul>\n<li><strong>Ohne Grund.<\/strong><\/li>\n<\/ul>\n<p>R\u00fccksendungen k\u00f6nnen innerhalb von 14 Werktagen nach Eingang der Bestellung beim Kunden ohne Angabe von Gr\u00fcnden angefordert werden, sofern sich das Produkt noch in der Originalverpackung befindet und nicht besch\u00e4digt oder gebrochen ist.<\/p>\n<p>Das Unternehmen erstattet innerhalb einer Frist von maximal 15 Tagen den Wert der Produkte abz\u00fcglich der Kosten f\u00fcr den Versand und die R\u00fccksendung, sobald die Artikel an die Einrichtungen von Espanie International Group SL zur\u00fcckgeschickt wurden.<\/p>\n<p>Bei Zahlungen mit einer Karte, die vom Karteninhaber nicht identifiziert wurde, wird die Belastung sofort storniert und der Betrag so schnell wie m\u00f6glich gutgeschrieben. Wenn der Kauf jedoch tats\u00e4chlich vom Karteninhaber get\u00e4tigt wurde, ist er verpflichtet, Espanie International Group SL den Schaden zu ersetzen, der durch die Stornierung entstanden ist.<\/p>\n<ul>\n<li><strong>Aufgrund von Unstimmigkeiten in der Bestellung.<\/strong><\/li>\n<\/ul>\n<p>Wenn der Grund f\u00fcr die R\u00fccksendung auf Unstimmigkeiten zwischen der Bestellung und dem Erhalt der Artikel zur\u00fcckzuf\u00fchren ist (nicht bestellte Produkte oder fehlende Einheiten), muss die Reklamation innerhalb von 14 Tagen nach Erhalt des Produkts erfolgen, wobei die Originalverpackung unbesch\u00e4digt bleiben muss. Espanie International Group SL tr\u00e4gt die Kosten f\u00fcr die R\u00fccksendung und\/oder den erneuten Versand.<\/p>\n<ul>\n<li><strong>Besch\u00e4digte Waren.<\/strong><\/li>\n<\/ul>\n<p>Im Falle eines Bruchs zum Zeitpunkt des Versands \u00fcbernimmt Espanie International Group SL die Kosten f\u00fcr die R\u00fccksendung und\/oder den erneuten Versand. Da es notwendig ist, dass der Kunde den Zustand der Verpackung zum Zeitpunkt des Empfangs fotografiert, werden ab den folgenden 48 Stunden nach dem Empfang keine diesbez\u00fcglichen Reklamationen mehr akzeptiert, da dies die Zeit ist, in der das Unternehmen einen Bruch beim Kurierunternehmen reklamieren kann. Das Unternehmen wird das Problem so schnell wie m\u00f6glich beheben. Wir schicken den Kurierdienst, um das Paket abzuholen, und senden es erneut zu oder erstatten den Betrag der Bestellung, sobald das besch\u00e4digte Produkt in unseren Einrichtungen eintrifft.[\/vc_column_text][\/vc_column][\/vc_row]\n","protected":false},"excerpt":{"rendered":"<p>[vc_row type=&#8220;in_container&#8220; full_screen_row_position=&#8220;middle&#8220; column_margin=&#8220;default&#8220; scene_position=&#8220;center&#8220; text_color=&#8220;dark&#8220; text_align=&#8220;left&#8220; overlay_strength=&#8220;0.3&#8243; shape_divider_position=&#8220;bottom&#8220; bg_image_animation=&#8220;none&#8220;][vc_column column_padding=&#8220;no-extra-padding&#8220; column_padding_position=&#8220;all&#8220; background_color_opacity=&#8220;1&#8243; background_hover_color_opacity=&#8220;1&#8243; column_link_target=&#8220;_self&#8220; column_shadow=&#8220;none&#8220; column_border_radius=&#8220;none&#8220; width=&#8220;1\/1&#8243; tablet_width_inherit=&#8220;default&#8220; tablet_text_alignment=&#8220;default&#8220; phone_text_alignment=&#8220;default&#8220; overlay_strength=&#8220;0.3&#8243; column_border_width=&#8220;none&#8220; column_border_style=&#8220;solid&#8220; bg_image_animation=&#8220;none&#8220;][vc_column_text]VERSAND VON PAKETEN Die Auslieferung erfolgt&#8230;<\/p>\n","protected":false},"author":1,"featured_media":0,"parent":0,"menu_order":0,"comment_status":"closed","ping_status":"closed","template":"","meta":{"footnotes":""},"class_list":["post-7960","page","type-page","status-publish"],"yoast_head":"<!-- This site is optimized with the Yoast SEO plugin v24.8.1 - https:\/\/yoast.com\/wordpress\/plugins\/seo\/ -->\n<title>Lieferung - LIBOLUX<\/title>\n<meta name=\"robots\" content=\"index, follow, max-snippet:-1, max-image-preview:large, max-video-preview:-1\" \/>\n<link rel=\"canonical\" href=\"https:\/\/libolux.com\/de\/lieferung\/\" \/>\n<meta property=\"og:locale\" content=\"de_DE\" \/>\n<meta property=\"og:type\" content=\"article\" \/>\n<meta property=\"og:title\" content=\"Lieferung - LIBOLUX\" \/>\n<meta property=\"og:description\" content=\"[vc_row type=&#8220;in_container&#8220; full_screen_row_position=&#8220;middle&#8220; column_margin=&#8220;default&#8220; scene_position=&#8220;center&#8220; text_color=&#8220;dark&#8220; text_align=&#8220;left&#8220; overlay_strength=&#8220;0.3&#8243; shape_divider_position=&#8220;bottom&#8220; bg_image_animation=&#8220;none&#8220;][vc_column column_padding=&#8220;no-extra-padding&#8220; column_padding_position=&#8220;all&#8220; background_color_opacity=&#8220;1&#8243; background_hover_color_opacity=&#8220;1&#8243; column_link_target=&#8220;_self&#8220; column_shadow=&#8220;none&#8220; column_border_radius=&#8220;none&#8220; width=&#8220;1\/1&#8243; tablet_width_inherit=&#8220;default&#8220; tablet_text_alignment=&#8220;default&#8220; phone_text_alignment=&#8220;default&#8220; overlay_strength=&#8220;0.3&#8243; column_border_width=&#8220;none&#8220; column_border_style=&#8220;solid&#8220; bg_image_animation=&#8220;none&#8220;][vc_column_text]VERSAND VON PAKETEN Die Auslieferung erfolgt...\" \/>\n<meta property=\"og:url\" content=\"https:\/\/libolux.com\/de\/lieferung\/\" \/>\n<meta property=\"og:site_name\" content=\"LIBOLUX\" \/>\n<meta property=\"article:modified_time\" content=\"2024-11-14T14:19:16+00:00\" \/>\n<meta name=\"twitter:card\" content=\"summary_large_image\" \/>\n<script type=\"application\/ld+json\" class=\"yoast-schema-graph\">{\"@context\":\"https:\/\/schema.org\",\"@graph\":[{\"@type\":\"WebPage\",\"@id\":\"https:\/\/libolux.com\/de\/lieferung\/\",\"url\":\"https:\/\/libolux.com\/de\/lieferung\/\",\"name\":\"Lieferung - LIBOLUX\",\"isPartOf\":{\"@id\":\"https:\/\/libolux.com\/#website\"},\"datePublished\":\"2024-10-23T16:40:52+00:00\",\"dateModified\":\"2024-11-14T14:19:16+00:00\",\"inLanguage\":\"de\",\"potentialAction\":[{\"@type\":\"ReadAction\",\"target\":[\"https:\/\/libolux.com\/de\/lieferung\/\"]}]},{\"@type\":\"WebSite\",\"@id\":\"https:\/\/libolux.com\/#website\",\"url\":\"https:\/\/libolux.com\/\",\"name\":\"LIBOLUX\",\"description\":\"En LIBOLUX ofrecemos productos innovadores de iluminaci\u00f3n LED y kits de sodio para cultivos de interior y exterior. Nuestra tecnolog\u00eda avanzada optimiza el crecimiento de tus plantas, garantizando eficiencia energ\u00e9tica y resultados excepcionales. Mejora tu cultivo con nuestras soluciones de alta calidad.\",\"potentialAction\":[{\"@type\":\"SearchAction\",\"target\":{\"@type\":\"EntryPoint\",\"urlTemplate\":\"https:\/\/libolux.com\/?s={search_term_string}\"},\"query-input\":{\"@type\":\"PropertyValueSpecification\",\"valueRequired\":true,\"valueName\":\"search_term_string\"}}],\"inLanguage\":\"de\"}]}<\/script>\n<!-- \/ Yoast SEO plugin. -->","yoast_head_json":{"title":"Lieferung - LIBOLUX","robots":{"index":"index","follow":"follow","max-snippet":"max-snippet:-1","max-image-preview":"max-image-preview:large","max-video-preview":"max-video-preview:-1"},"canonical":"https:\/\/libolux.com\/de\/lieferung\/","og_locale":"de_DE","og_type":"article","og_title":"Lieferung - LIBOLUX","og_description":"[vc_row type=&#8220;in_container&#8220; full_screen_row_position=&#8220;middle&#8220; column_margin=&#8220;default&#8220; scene_position=&#8220;center&#8220; text_color=&#8220;dark&#8220; text_align=&#8220;left&#8220; overlay_strength=&#8220;0.3&#8243; shape_divider_position=&#8220;bottom&#8220; bg_image_animation=&#8220;none&#8220;][vc_column column_padding=&#8220;no-extra-padding&#8220; column_padding_position=&#8220;all&#8220; background_color_opacity=&#8220;1&#8243; background_hover_color_opacity=&#8220;1&#8243; column_link_target=&#8220;_self&#8220; column_shadow=&#8220;none&#8220; column_border_radius=&#8220;none&#8220; width=&#8220;1\/1&#8243; tablet_width_inherit=&#8220;default&#8220; tablet_text_alignment=&#8220;default&#8220; phone_text_alignment=&#8220;default&#8220; overlay_strength=&#8220;0.3&#8243; column_border_width=&#8220;none&#8220; column_border_style=&#8220;solid&#8220; bg_image_animation=&#8220;none&#8220;][vc_column_text]VERSAND VON PAKETEN Die Auslieferung erfolgt...","og_url":"https:\/\/libolux.com\/de\/lieferung\/","og_site_name":"LIBOLUX","article_modified_time":"2024-11-14T14:19:16+00:00","twitter_card":"summary_large_image","schema":{"@context":"https:\/\/schema.org","@graph":[{"@type":"WebPage","@id":"https:\/\/libolux.com\/de\/lieferung\/","url":"https:\/\/libolux.com\/de\/lieferung\/","name":"Lieferung - LIBOLUX","isPartOf":{"@id":"https:\/\/libolux.com\/#website"},"datePublished":"2024-10-23T16:40:52+00:00","dateModified":"2024-11-14T14:19:16+00:00","inLanguage":"de","potentialAction":[{"@type":"ReadAction","target":["https:\/\/libolux.com\/de\/lieferung\/"]}]},{"@type":"WebSite","@id":"https:\/\/libolux.com\/#website","url":"https:\/\/libolux.com\/","name":"LIBOLUX","description":"En LIBOLUX ofrecemos productos innovadores de iluminaci\u00f3n LED y kits de sodio para cultivos de interior y exterior. Nuestra tecnolog\u00eda avanzada optimiza el crecimiento de tus plantas, garantizando eficiencia energ\u00e9tica y resultados excepcionales. Mejora tu cultivo con nuestras soluciones de alta calidad.","potentialAction":[{"@type":"SearchAction","target":{"@type":"EntryPoint","urlTemplate":"https:\/\/libolux.com\/?s={search_term_string}"},"query-input":{"@type":"PropertyValueSpecification","valueRequired":true,"valueName":"search_term_string"}}],"inLanguage":"de"}]}},"_links":{"self":[{"href":"https:\/\/libolux.com\/de\/wp-json\/wp\/v2\/pages\/7960","targetHints":{"allow":["GET"]}}],"collection":[{"href":"https:\/\/libolux.com\/de\/wp-json\/wp\/v2\/pages"}],"about":[{"href":"https:\/\/libolux.com\/de\/wp-json\/wp\/v2\/types\/page"}],"author":[{"embeddable":true,"href":"https:\/\/libolux.com\/de\/wp-json\/wp\/v2\/users\/1"}],"replies":[{"embeddable":true,"href":"https:\/\/libolux.com\/de\/wp-json\/wp\/v2\/comments?post=7960"}],"version-history":[{"count":3,"href":"https:\/\/libolux.com\/de\/wp-json\/wp\/v2\/pages\/7960\/revisions"}],"predecessor-version":[{"id":7963,"href":"https:\/\/libolux.com\/de\/wp-json\/wp\/v2\/pages\/7960\/revisions\/7963"}],"wp:attachment":[{"href":"https:\/\/libolux.com\/de\/wp-json\/wp\/v2\/media?parent=7960"}],"curies":[{"name":"wp","href":"https:\/\/api.w.org\/{rel}","templated":true}]}}