{"id":7721,"date":"2020-02-21T14:38:44","date_gmt":"2020-02-21T13:38:44","guid":{"rendered":"https:\/\/libolux.com\/?page_id=7721"},"modified":"2024-11-14T15:21:58","modified_gmt":"2024-11-14T14:21:58","slug":"rechtlicher-hinweis","status":"publish","type":"page","link":"https:\/\/libolux.com\/de\/rechtlicher-hinweis\/","title":{"rendered":"Rechtlicher Hinweis"},"content":{"rendered":"[vc_row type=&#8220;full_width_background&#8220; full_screen_row_position=&#8220;middle&#8220; column_margin=&#8220;default&#8220; bg_color=&#8220;#ffffff&#8220; scene_position=&#8220;center&#8220; text_color=&#8220;dark&#8220; text_align=&#8220;left&#8220; top_padding=&#8220;5%&#8220; bottom_padding=&#8220;5%&#8220; id=&#8220;features&#8220; row_name=&#8220;Features&#8220; overlay_strength=&#8220;0.3&#8243; shape_divider_position=&#8220;bottom&#8220; bg_image_animation=&#8220;none&#8220;][vc_column column_padding=&#8220;padding-11-percent&#8220; column_padding_position=&#8220;left-right&#8220; background_color_opacity=&#8220;1&#8243; background_hover_color_opacity=&#8220;1&#8243; column_link_target=&#8220;_self&#8220; column_shadow=&#8220;none&#8220; column_border_radius=&#8220;none&#8220; width=&#8220;1\/1&#8243; tablet_width_inherit=&#8220;default&#8220; tablet_text_alignment=&#8220;default&#8220; phone_text_alignment=&#8220;default&#8220; overlay_strength=&#8220;0.3&#8243; column_border_width=&#8220;none&#8220; column_border_style=&#8220;solid&#8220; bg_image_animation=&#8220;none&#8220;][vc_row_inner column_margin=&#8220;default&#8220; text_align=&#8220;left&#8220;][vc_column_inner column_padding=&#8220;no-extra-padding&#8220; column_padding_position=&#8220;all&#8220; centered_text=&#8220;true&#8220; background_color_opacity=&#8220;1&#8243; background_hover_color_opacity=&#8220;1&#8243; column_shadow=&#8220;none&#8220; column_border_radius=&#8220;none&#8220; column_link_target=&#8220;_self&#8220; width=&#8220;1\/1&#8243; tablet_width_inherit=&#8220;default&#8220; overlay_strength=&#8220;0.3&#8243; column_border_width=&#8220;none&#8220; column_border_style=&#8220;solid&#8220; bg_image_animation=&#8220;none&#8220; enable_animation=&#8220;true&#8220; animation=&#8220;fade-in&#8220;][vc_column_text css=&#8220;.vc_custom_1730190699698{margin-top: 50px !important;margin-bottom: 15px !important;}&#8220;]\n<h1>Rechtlicher Hinweis<\/h1>\n<p>EINF\u00dcHRUNG<\/p>\n<p>Dieser rechtliche Hinweis regelt die Nutzung der Website www.libolux.com.<\/p>\n<p>In \u00dcbereinstimmung mit Artikel 10 des Gesetzes 34\/2002 vom 11. Juli \u00fcber die Dienste der Informationsgesellschaft und den elektronischen Handel (LSSI) werden die folgenden Unternehmensdaten angegeben:<\/p>\n<p>Name des Unternehmens: <strong>Espanie International Group SL<\/strong><br \/>\nCIF: B19378546<br \/>\nTelefonnummer der Kontaktperson: +34 653 56 77 75<br \/>\nKontakt-E-Mail-Adresse: info@libolux.com<br \/>\nRegistriert am 16\/09\/2024. Handelsregister von Valencia, Sektion 8 &#8211; Buch 7609 &#8211; Seite V-220676, elektronisches Folio, IRUS: 1000428843579, Eintragung 1.<\/p>\n<p>Diese Bedingungen regeln den Zugang und die Navigation der Nutzer auf dieser Website. Durch den Besuch dieser Website, akzeptieren Sie diese Bedingungen.<\/p>\n<p>Der Eigent\u00fcmer kann den Inhalt und den Zweck dieser Website sowie ihre Bedingungen jederzeit \u00e4ndern. Jede Person, die unsere Website besucht, wird als Benutzer betrachtet und akzeptiert daher die vorliegenden Bedingungen und Konditionen. Dar\u00fcber hinaus werden Informationen \u00fcber die Rechte und Pflichten der Nutzer in Bezug auf das Surfen auf unserer Website sowie \u00fcber die Verantwortlichkeiten, die sich daraus ergeben k\u00f6nnen, bereitgestellt.<\/p>\n<p>ZWECK DER WEBSITE<\/p>\n<p>Der Zweck der Website ist es, Beleuchtungsprodukte f\u00fcr den Heimgartenbau anzubieten. Produktkatalog, Kontakt und direkter Online-Verkauf.<\/p>\n<p>LEGISLATION<br \/>\nIm Allgemeinen unterliegen die Beziehungen zwischen B19378546 (Espanie International Group S.L.) und den Nutzern ihrer Telematikdienste auf dieser Website der spanischen Gesetzgebung und Rechtsprechung. Die gesch\u00e4ftlichen Beziehungen zwischen Espanie International Group S.L. unterliegen dem Gesetz 7\/1998 vom 13. April \u00fcber die allgemeinen Vertragsbedingungen, dem Gesetz 3\/2014 vom 27. M\u00e4rz \u00fcber den Schutz von Verbrauchern und Nutzern sowie dem Gesetz 7\/1996 vom 15. Januar \u00fcber die Regelung des Einzelhandels.<\/p>\n<p>Espanie International Group S.L. ist nicht verantwortlich f\u00fcr die unrechtm\u00e4\u00dfige Nutzung oder betr\u00fcgerische Handlungen, die ein Kunde mit unseren gekauften Beleuchtungsprodukten durchf\u00fchren kann.<\/p>\n<p>HAFTUNGSBESCHR\u00c4NKUNG<\/p>\n<p>Die Website www.libolux.com \u00fcbernimmt keine Haftung f\u00fcr die missbr\u00e4uchliche Nutzung der Inhalte, Dienste oder Produkte, die den Nutzern Schaden zuf\u00fcgen k\u00f6nnen. Die Kontinuit\u00e4t des Dienstes und der Pr\u00e4senz im Internet wird nicht garantiert. Espanie International Group S.L. und der Nutzer unterwerfen sich der Gerichtsbarkeit und der Zust\u00e4ndigkeit der Gerichte von Valencia, um alle Streitigkeiten zu l\u00f6sen, die im Zusammenhang mit den allgemeinen Vertragsbedingungen entstehen.<\/p>\n<p>NUTZERZUGANG UND NUTZUNG<\/p>\n<p>Mit dem Zugriff auf die Website erkl\u00e4rt sich der Benutzer mit den Nutzungsbedingungen einverstanden, die unbeschadet der Vorschriften \u00fcber die obligatorische Einhaltung und deren Anwendung festgelegt wurden. Der Benutzer wird dar\u00fcber informiert und akzeptiert, dass der Zugang zu dieser Website in keiner Weise den Beginn einer Gesch\u00e4ftsbeziehung mit Espanie International Group S.L. oder einer ihrer Niederlassungen bedeutet. Der Nutzer garantiert und ist in jedem Fall verantwortlich f\u00fcr die Richtigkeit, G\u00fcltigkeit und Authentizit\u00e4t der angegebenen pers\u00f6nlichen Daten und verpflichtet sich, diese auf dem neuesten Stand zu halten. Der Nutzer verpflichtet sich, in den Registrierungs- oder Anmeldeformularen vollst\u00e4ndige und korrekte Angaben zu machen.<\/p>\n<p>GEISTIGES EIGENTUM, WEBINHALTE UND LINKS<\/p>\n<p>Die Rechte am geistigen Eigentum des Inhalts der Webseiten, ihrer grafischen Gestaltung und der Codes liegen bei Espanie International Group S.L., weshalb die Vervielf\u00e4ltigung, die Verbreitung, die \u00f6ffentliche Bekanntmachung, die Umwandlung oder jede andere Aktivit\u00e4t, die mit dem Inhalt der Webseiten durchgef\u00fchrt werden kann, verboten ist, auch unter Angabe der Quellen, au\u00dfer mit ausdr\u00fccklicher schriftlicher Zustimmung von Espanie International Group S.L., die sich das Recht vorbeh\u00e4lt, die auf ihren Webseiten enthaltenen Informationen zu aktualisieren, zu \u00e4ndern oder zu l\u00f6schen, und die sogar den Zugang zu diesen Informationen f\u00fcr bestimmte Benutzer einschr\u00e4nken oder verweigern kann.<\/p>\n<p>Espanie International Group S.L. \u00fcbernimmt keinerlei Verantwortung f\u00fcr die Informationen, die in den Websites Dritter enthalten sind, die \u00fcber Links von dieser Website aus erreicht werden k\u00f6nnen. Das Vorhandensein von Links auf dieser Website dient nur zu Informationszwecken und stellt in keinem Fall eine Anregung, Einladung oder Empfehlung dar.<\/p>\n<p>REGELN F\u00dcR DIE NUTZUNG DER WEBSITE<\/p>\n<p>Der Nutzer verpflichtet sich, die Website und ihre Inhalte nicht f\u00fcr illegale oder unbefugte Zwecke zu nutzen und sie in \u00dcbereinstimmung mit den vorliegenden allgemeinen Gesch\u00e4ftsbedingungen zu verwenden, wobei er die alleinige Verantwortung f\u00fcr die Folgen seines Handelns tr\u00e4gt.<\/p>\n<p>Diese Verantwortung erstreckt sich auf die Informationen, die der Nutzer zu jedem Zeitpunkt, insbesondere bei der Registrierung auf der Website, zur Verf\u00fcgung stellt. Wenn ein Zugangspasswort zur Verf\u00fcgung gestellt wird, ist der Nutzer f\u00fcr dessen sorgf\u00e4ltige und vertrauliche Verwendung verantwortlich.<\/p>\n<p>VERTRAULICHKEIT UND SCHUTZ DER PERSONENBEZOGENEN DATEN<\/p>\n<p>Der Eigent\u00fcmer verarbeitet die personenbezogenen Daten, die Sie beim Surfen auf der Website eingeben, gem\u00e4\u00df den geltenden Datenschutzbestimmungen. F\u00fcr weitere Informationen konsultieren Sie bitte die Datenschutzbestimmungen. Der Eigent\u00fcmer verwendet Cookies auf dieser Website. F\u00fcr weitere Informationen konsultieren Sie bitte die Cookies-Politik.<\/p>\n<p>VERANTWORTUNG<br \/>\nDer Eigent\u00fcmer lehnt jede Haftung f\u00fcr Sch\u00e4den ab, die dem Nutzer oder Dritten durch den Zugang und die Nutzung der Website, durch die Unm\u00f6glichkeit des Zugangs, durch das Vertrauen auf die darin enthaltenen Informationen oder durch den Zugang zu weitergeleiteten Seiten Dritter entstehen k\u00f6nnen.<\/p>\n<p>Der Eigent\u00fcmer haftet nicht f\u00fcr Sch\u00e4den, die von Personen verursacht werden, die gegen diese Bedingungen oder die Sicherheitssysteme der Website versto\u00dfen.<\/p>\n<p>Der Eigent\u00fcmer haftet nicht f\u00fcr die Inhalte, die auf einem dem Nutzer auf der Website zur Verf\u00fcgung gestellten Medium ver\u00f6ffentlicht oder gespeichert sind. Sobald er jedoch Kenntnis von Inhalten erh\u00e4lt, die gegen die geltenden Vorschriften versto\u00dfen, verpflichtet er sich, diese so schnell wie m\u00f6glich zu entfernen.<\/p>\n<p>In jedem Fall wurden alle Anstrengungen unternommen, um die Website auf dem neuesten Stand zu halten, mit zuverl\u00e4ssigen und qualitativ hochwertigen Informationen, sowie sicher und in st\u00e4ndigem Betrieb zu halten, wobei alle notwendigen Ma\u00dfnahmen in rechtlicher, organisatorischer und technischer Hinsicht getroffen wurden.<\/p>\n<p>Sollte der Nutzer der Ansicht sein, dass auf der Website Inhalte vorhanden sind, die gegen das Gesetz versto\u00dfen, oder sollte er einen Versto\u00df gegen einen der Punkte dieser Bedingungen vermuten, bitten wir ihn, uns dies unverz\u00fcglich \u00fcber die \u00fcblichen Kontaktwege mitzuteilen.<\/p>\n<p>ANWENDBARES RECHT UND GERICHTSBARKEIT<\/p>\n<p>F\u00fcr die Beilegung von Rechtsstreitigkeiten im Zusammenhang mit dieser Website ist die zum Zeitpunkt des Rechtsstreits geltende spanische Gesetzgebung anwendbar, der sich die Parteien ausdr\u00fccklich unterwerfen, und die Gerichte der Stadt Valencia sind f\u00fcr die Beilegung aller Konflikte zust\u00e4ndig, die sich aus der Nutzung dieser Website ergeben oder damit zusammenh\u00e4ngen.<\/p>\n<p>AUSSETZUNG DER WEBSITE<\/p>\n<p>Das Unternehmen kann den Betrieb seiner Website jederzeit mit oder ohne Vorank\u00fcndigung einstellen, ohne dass der Nutzer aus diesem Grund einen Anspruch auf Entsch\u00e4digung geltend machen kann.[\/vc_column_text]<div class=\"woocommerce columns-3 \"><\/div>[\/vc_column_inner][\/vc_row_inner][\/vc_column][\/vc_row]\n","protected":false},"excerpt":{"rendered":"<p>[vc_row type=&#8220;full_width_background&#8220; full_screen_row_position=&#8220;middle&#8220; column_margin=&#8220;default&#8220; bg_color=&#8220;#ffffff&#8220; scene_position=&#8220;center&#8220; text_color=&#8220;dark&#8220; text_align=&#8220;left&#8220; top_padding=&#8220;5%&#8220; bottom_padding=&#8220;5%&#8220; id=&#8220;features&#8220; row_name=&#8220;Features&#8220; overlay_strength=&#8220;0.3&#8243; shape_divider_position=&#8220;bottom&#8220; bg_image_animation=&#8220;none&#8220;][vc_column column_padding=&#8220;padding-11-percent&#8220; column_padding_position=&#8220;left-right&#8220; background_color_opacity=&#8220;1&#8243; background_hover_color_opacity=&#8220;1&#8243; column_link_target=&#8220;_self&#8220; column_shadow=&#8220;none&#8220; column_border_radius=&#8220;none&#8220; width=&#8220;1\/1&#8243; tablet_width_inherit=&#8220;default&#8220; tablet_text_alignment=&#8220;default&#8220; phone_text_alignment=&#8220;default&#8220; overlay_strength=&#8220;0.3&#8243; column_border_width=&#8220;none&#8220; column_border_style=&#8220;solid&#8220; bg_image_animation=&#8220;none&#8220;][vc_row_inner&#8230;<\/p>\n","protected":false},"author":1,"featured_media":0,"parent":0,"menu_order":0,"comment_status":"closed","ping_status":"closed","template":"","meta":{"footnotes":""},"class_list":["post-7721","page","type-page","status-publish"],"yoast_head":"<!-- This site is optimized with the Yoast SEO plugin v24.8.1 - https:\/\/yoast.com\/wordpress\/plugins\/seo\/ -->\n<title>Rechtlicher Hinweis - LIBOLUX<\/title>\n<meta name=\"robots\" content=\"index, follow, max-snippet:-1, max-image-preview:large, max-video-preview:-1\" \/>\n<link rel=\"canonical\" href=\"https:\/\/libolux.com\/de\/rechtlicher-hinweis\/\" \/>\n<meta property=\"og:locale\" content=\"de_DE\" \/>\n<meta property=\"og:type\" content=\"article\" \/>\n<meta property=\"og:title\" content=\"Rechtlicher Hinweis - LIBOLUX\" \/>\n<meta property=\"og:description\" content=\"[vc_row type=&#8220;full_width_background&#8220; full_screen_row_position=&#8220;middle&#8220; column_margin=&#8220;default&#8220; bg_color=&#8220;#ffffff&#8220; scene_position=&#8220;center&#8220; text_color=&#8220;dark&#8220; text_align=&#8220;left&#8220; top_padding=&#8220;5%&#8220; bottom_padding=&#8220;5%&#8220; id=&#8220;features&#8220; row_name=&#8220;Features&#8220; overlay_strength=&#8220;0.3&#8243; shape_divider_position=&#8220;bottom&#8220; bg_image_animation=&#8220;none&#8220;][vc_column column_padding=&#8220;padding-11-percent&#8220; column_padding_position=&#8220;left-right&#8220; background_color_opacity=&#8220;1&#8243; background_hover_color_opacity=&#8220;1&#8243; column_link_target=&#8220;_self&#8220; column_shadow=&#8220;none&#8220; column_border_radius=&#8220;none&#8220; width=&#8220;1\/1&#8243; tablet_width_inherit=&#8220;default&#8220; tablet_text_alignment=&#8220;default&#8220; phone_text_alignment=&#8220;default&#8220; overlay_strength=&#8220;0.3&#8243; column_border_width=&#8220;none&#8220; column_border_style=&#8220;solid&#8220; bg_image_animation=&#8220;none&#8220;][vc_row_inner...\" \/>\n<meta property=\"og:url\" content=\"https:\/\/libolux.com\/de\/rechtlicher-hinweis\/\" \/>\n<meta property=\"og:site_name\" content=\"LIBOLUX\" \/>\n<meta property=\"article:modified_time\" content=\"2024-11-14T14:21:58+00:00\" \/>\n<meta name=\"twitter:card\" content=\"summary_large_image\" \/>\n<meta name=\"twitter:label1\" content=\"Gesch\u00e4tzte Lesezeit\" \/>\n\t<meta name=\"twitter:data1\" content=\"6\u00a0Minuten\" \/>\n<script type=\"application\/ld+json\" class=\"yoast-schema-graph\">{\"@context\":\"https:\/\/schema.org\",\"@graph\":[{\"@type\":\"WebPage\",\"@id\":\"https:\/\/libolux.com\/de\/rechtlicher-hinweis\/\",\"url\":\"https:\/\/libolux.com\/de\/rechtlicher-hinweis\/\",\"name\":\"Rechtlicher Hinweis - LIBOLUX\",\"isPartOf\":{\"@id\":\"https:\/\/libolux.com\/#website\"},\"datePublished\":\"2020-02-21T13:38:44+00:00\",\"dateModified\":\"2024-11-14T14:21:58+00:00\",\"inLanguage\":\"de\",\"potentialAction\":[{\"@type\":\"ReadAction\",\"target\":[\"https:\/\/libolux.com\/de\/rechtlicher-hinweis\/\"]}]},{\"@type\":\"WebSite\",\"@id\":\"https:\/\/libolux.com\/#website\",\"url\":\"https:\/\/libolux.com\/\",\"name\":\"LIBOLUX\",\"description\":\"En LIBOLUX ofrecemos productos innovadores de iluminaci\u00f3n LED y kits de sodio para cultivos de interior y exterior. Nuestra tecnolog\u00eda avanzada optimiza el crecimiento de tus plantas, garantizando eficiencia energ\u00e9tica y resultados excepcionales. Mejora tu cultivo con nuestras soluciones de alta calidad.\",\"potentialAction\":[{\"@type\":\"SearchAction\",\"target\":{\"@type\":\"EntryPoint\",\"urlTemplate\":\"https:\/\/libolux.com\/?s={search_term_string}\"},\"query-input\":{\"@type\":\"PropertyValueSpecification\",\"valueRequired\":true,\"valueName\":\"search_term_string\"}}],\"inLanguage\":\"de\"}]}<\/script>\n<!-- \/ Yoast SEO plugin. -->","yoast_head_json":{"title":"Rechtlicher Hinweis - LIBOLUX","robots":{"index":"index","follow":"follow","max-snippet":"max-snippet:-1","max-image-preview":"max-image-preview:large","max-video-preview":"max-video-preview:-1"},"canonical":"https:\/\/libolux.com\/de\/rechtlicher-hinweis\/","og_locale":"de_DE","og_type":"article","og_title":"Rechtlicher Hinweis - LIBOLUX","og_description":"[vc_row type=&#8220;full_width_background&#8220; full_screen_row_position=&#8220;middle&#8220; column_margin=&#8220;default&#8220; bg_color=&#8220;#ffffff&#8220; scene_position=&#8220;center&#8220; text_color=&#8220;dark&#8220; text_align=&#8220;left&#8220; top_padding=&#8220;5%&#8220; bottom_padding=&#8220;5%&#8220; id=&#8220;features&#8220; row_name=&#8220;Features&#8220; overlay_strength=&#8220;0.3&#8243; shape_divider_position=&#8220;bottom&#8220; bg_image_animation=&#8220;none&#8220;][vc_column column_padding=&#8220;padding-11-percent&#8220; column_padding_position=&#8220;left-right&#8220; background_color_opacity=&#8220;1&#8243; background_hover_color_opacity=&#8220;1&#8243; column_link_target=&#8220;_self&#8220; column_shadow=&#8220;none&#8220; column_border_radius=&#8220;none&#8220; width=&#8220;1\/1&#8243; tablet_width_inherit=&#8220;default&#8220; tablet_text_alignment=&#8220;default&#8220; phone_text_alignment=&#8220;default&#8220; overlay_strength=&#8220;0.3&#8243; column_border_width=&#8220;none&#8220; column_border_style=&#8220;solid&#8220; bg_image_animation=&#8220;none&#8220;][vc_row_inner...","og_url":"https:\/\/libolux.com\/de\/rechtlicher-hinweis\/","og_site_name":"LIBOLUX","article_modified_time":"2024-11-14T14:21:58+00:00","twitter_card":"summary_large_image","twitter_misc":{"Gesch\u00e4tzte Lesezeit":"6\u00a0Minuten"},"schema":{"@context":"https:\/\/schema.org","@graph":[{"@type":"WebPage","@id":"https:\/\/libolux.com\/de\/rechtlicher-hinweis\/","url":"https:\/\/libolux.com\/de\/rechtlicher-hinweis\/","name":"Rechtlicher Hinweis - LIBOLUX","isPartOf":{"@id":"https:\/\/libolux.com\/#website"},"datePublished":"2020-02-21T13:38:44+00:00","dateModified":"2024-11-14T14:21:58+00:00","inLanguage":"de","potentialAction":[{"@type":"ReadAction","target":["https:\/\/libolux.com\/de\/rechtlicher-hinweis\/"]}]},{"@type":"WebSite","@id":"https:\/\/libolux.com\/#website","url":"https:\/\/libolux.com\/","name":"LIBOLUX","description":"En LIBOLUX ofrecemos productos innovadores de iluminaci\u00f3n LED y kits de sodio para cultivos de interior y exterior. Nuestra tecnolog\u00eda avanzada optimiza el crecimiento de tus plantas, garantizando eficiencia energ\u00e9tica y resultados excepcionales. Mejora tu cultivo con nuestras soluciones de alta calidad.","potentialAction":[{"@type":"SearchAction","target":{"@type":"EntryPoint","urlTemplate":"https:\/\/libolux.com\/?s={search_term_string}"},"query-input":{"@type":"PropertyValueSpecification","valueRequired":true,"valueName":"search_term_string"}}],"inLanguage":"de"}]}},"_links":{"self":[{"href":"https:\/\/libolux.com\/de\/wp-json\/wp\/v2\/pages\/7721","targetHints":{"allow":["GET"]}}],"collection":[{"href":"https:\/\/libolux.com\/de\/wp-json\/wp\/v2\/pages"}],"about":[{"href":"https:\/\/libolux.com\/de\/wp-json\/wp\/v2\/types\/page"}],"author":[{"embeddable":true,"href":"https:\/\/libolux.com\/de\/wp-json\/wp\/v2\/users\/1"}],"replies":[{"embeddable":true,"href":"https:\/\/libolux.com\/de\/wp-json\/wp\/v2\/comments?post=7721"}],"version-history":[{"count":3,"href":"https:\/\/libolux.com\/de\/wp-json\/wp\/v2\/pages\/7721\/revisions"}],"predecessor-version":[{"id":7964,"href":"https:\/\/libolux.com\/de\/wp-json\/wp\/v2\/pages\/7721\/revisions\/7964"}],"wp:attachment":[{"href":"https:\/\/libolux.com\/de\/wp-json\/wp\/v2\/media?parent=7721"}],"curies":[{"name":"wp","href":"https:\/\/api.w.org\/{rel}","templated":true}]}}